{"id":3076,"date":"2024-01-31T19:12:58","date_gmt":"2024-02-01T01:12:58","guid":{"rendered":"https:\/\/genios-gt.com\/?post_type=product&#038;p=3076"},"modified":"2024-10-02T01:29:48","modified_gmt":"2024-10-02T07:29:48","slug":"anillo-escorpion-de-arena","status":"publish","type":"product","link":"https:\/\/genios-gt.com\/index.php\/producto\/anillo-escorpion-de-arena\/","title":{"rendered":"ANILLO ESCORPION DE ARENA"},"content":{"rendered":"<p title=\"Joyer\u00eda \u00e1rabe cl\u00e1sica, anillo grande de cristal amarillo para hombre, joyer\u00eda Vintage, Color plata antigua tallada, circ\u00f3n \u00e1rabe Rin\" data-spm-anchor-id=\"a2700.details.0.i77.36fb265aetSSmJ\">Anillo \u00e1rabe cl\u00e1sica, anillo grande de cristal amarillo para hombre, joyer\u00eda Vintage, Color plata antigua tallada, circ\u00f3n \u00e1rabe Rin<\/p>\n","protected":false},"excerpt":{"rendered":"<p>Anillo \u00e1rabe cl\u00e1sica, anillo grande de cristal amarillo para hombre, joyer\u00eda Vintage, Color plata antigua tallada, circ\u00f3n \u00e1rabe Rin<\/p>\n","protected":false},"featured_media":3077,"comment_status":"open","ping_status":"closed","template":"","meta":{"_uag_custom_page_level_css":""},"product_cat":[21],"product_tag":[],"jetpack_sharing_enabled":true,"uagb_featured_image_src":{"full":["https:\/\/genios-gt.com\/wp-content\/uploads\/2024\/01\/cassa.jpg",480,480,false],"thumbnail":["https:\/\/genios-gt.com\/wp-content\/uploads\/2024\/01\/cassa-150x150.jpg",150,150,true],"medium":["https:\/\/genios-gt.com\/wp-content\/uploads\/2024\/01\/cassa-300x300.jpg",300,300,true],"medium_large":["https:\/\/genios-gt.com\/wp-content\/uploads\/2024\/01\/cassa.jpg",480,480,false],"large":["https:\/\/genios-gt.com\/wp-content\/uploads\/2024\/01\/cassa.jpg",480,480,false],"1536x1536":["https:\/\/genios-gt.com\/wp-content\/uploads\/2024\/01\/cassa.jpg",480,480,false],"2048x2048":["https:\/\/genios-gt.com\/wp-content\/uploads\/2024\/01\/cassa.jpg",480,480,false],"mailpoet_newsletter_max":["https:\/\/genios-gt.com\/wp-content\/uploads\/2024\/01\/cassa.jpg",480,480,false],"woocommerce_thumbnail":["https:\/\/genios-gt.com\/wp-content\/uploads\/2024\/01\/cassa-320x320.jpg",320,320,true],"woocommerce_single":["https:\/\/genios-gt.com\/wp-content\/uploads\/2024\/01\/cassa.jpg",480,480,false],"woocommerce_gallery_thumbnail":["https:\/\/genios-gt.com\/wp-content\/uploads\/2024\/01\/cassa-100x100.jpg",100,100,true],"variation_swatches_image_size":["https:\/\/genios-gt.com\/wp-content\/uploads\/2024\/01\/cassa-50x50.jpg",50,50,true],"variation_swatches_tooltip_size":["https:\/\/genios-gt.com\/wp-content\/uploads\/2024\/01\/cassa-100x100.jpg",100,100,true],"thaps-thumb-img":["https:\/\/genios-gt.com\/wp-content\/uploads\/2024\/01\/cassa-48x48.jpg",48,48,true]},"uagb_author_info":{"display_name":"Yemito","author_link":"https:\/\/genios-gt.com\/index.php\/author\/"},"uagb_comment_info":0,"uagb_excerpt":"Anillo \u00e1rabe cl\u00e1sica, anillo grande de cristal amarillo para hombre, joyer\u00eda Vintage, Color plata antigua tallada, circ\u00f3n \u00e1rabe Rin","_links":{"self":[{"href":"https:\/\/genios-gt.com\/index.php\/wp-json\/wp\/v2\/product\/3076"}],"collection":[{"href":"https:\/\/genios-gt.com\/index.php\/wp-json\/wp\/v2\/product"}],"about":[{"href":"https:\/\/genios-gt.com\/index.php\/wp-json\/wp\/v2\/types\/product"}],"replies":[{"embeddable":true,"href":"https:\/\/genios-gt.com\/index.php\/wp-json\/wp\/v2\/comments?post=3076"}],"wp:featuredmedia":[{"embeddable":true,"href":"https:\/\/genios-gt.com\/index.php\/wp-json\/wp\/v2\/media\/3077"}],"wp:attachment":[{"href":"https:\/\/genios-gt.com\/index.php\/wp-json\/wp\/v2\/media?parent=3076"}],"wp:term":[{"taxonomy":"product_cat","embeddable":true,"href":"https:\/\/genios-gt.com\/index.php\/wp-json\/wp\/v2\/product_cat?post=3076"},{"taxonomy":"product_tag","embeddable":true,"href":"https:\/\/genios-gt.com\/index.php\/wp-json\/wp\/v2\/product_tag?post=3076"}],"curies":[{"name":"wp","href":"https:\/\/api.w.org\/{rel}","templated":true}]}}