{"id":2982,"date":"2024-01-29T18:18:41","date_gmt":"2024-01-30T00:18:41","guid":{"rendered":"https:\/\/genios-gt.com\/?post_type=product&#038;p=2982"},"modified":"2024-10-13T11:39:39","modified_gmt":"2024-10-13T17:39:39","slug":"pendientes-de-gota-gigante","status":"publish","type":"product","link":"https:\/\/genios-gt.com\/index.php\/producto\/pendientes-de-gota-gigante\/","title":{"rendered":"PENDIENTES DE GOTA GIGANTE"},"content":{"rendered":"<p title=\"Reci\u00e9n llegado, pendientes de aro de plata 925 gruesos con forma de l\u00e1grima, pendientes de tuerca medio vac\u00edos de gota de agua de lat\u00f3n para mujer, venta al por mayor\" data-spm-anchor-id=\"a2700.wholesale.0.i78.19334674XJRRxl\">Reci\u00e9n llegado, pendientes de aro de plata 925 gruesos con forma de l\u00e1grima, pendientes\u00a0 vac\u00edos de gota de agua.<\/p>\n","protected":false},"excerpt":{"rendered":"<p>\u2714\ufe0fMaterial:\u00a0 Acero Inoxidable.<\/p>\n<p>\u2714\ufe0fDise\u00f1o; Gota de Agua.<\/p>\n<p>\u2714\ufe0fEstilo: Gigante.<\/p>\n<p>\ud83d\udcb5\u00a0En la compra de 2 o mas obt\u00e9n un descuento especial<\/p>\n<p>\ud83c\uddec\ud83c\uddf9\u00a0Env\u00edos a todo el pais.<\/p>\n<p>\ud83d\ude9a\u00a0Pagas al recibir.<\/p>\n","protected":false},"featured_media":2983,"comment_status":"open","ping_status":"closed","template":"","meta":{"_uag_custom_page_level_css":""},"product_cat":[54],"product_tag":[],"jetpack_sharing_enabled":true,"uagb_featured_image_src":{"full":["https:\/\/genios-gt.com\/wp-content\/uploads\/2024\/01\/ggm.jpg",400,400,false],"thumbnail":["https:\/\/genios-gt.com\/wp-content\/uploads\/2024\/01\/ggm-150x150.jpg",150,150,true],"medium":["https:\/\/genios-gt.com\/wp-content\/uploads\/2024\/01\/ggm-300x300.jpg",300,300,true],"medium_large":["https:\/\/genios-gt.com\/wp-content\/uploads\/2024\/01\/ggm.jpg",400,400,false],"large":["https:\/\/genios-gt.com\/wp-content\/uploads\/2024\/01\/ggm.jpg",400,400,false],"1536x1536":["https:\/\/genios-gt.com\/wp-content\/uploads\/2024\/01\/ggm.jpg",400,400,false],"2048x2048":["https:\/\/genios-gt.com\/wp-content\/uploads\/2024\/01\/ggm.jpg",400,400,false],"mailpoet_newsletter_max":["https:\/\/genios-gt.com\/wp-content\/uploads\/2024\/01\/ggm.jpg",400,400,false],"woocommerce_thumbnail":["https:\/\/genios-gt.com\/wp-content\/uploads\/2024\/01\/ggm-320x320.jpg",320,320,true],"woocommerce_single":["https:\/\/genios-gt.com\/wp-content\/uploads\/2024\/01\/ggm.jpg",400,400,false],"woocommerce_gallery_thumbnail":["https:\/\/genios-gt.com\/wp-content\/uploads\/2024\/01\/ggm-100x100.jpg",100,100,true],"variation_swatches_image_size":["https:\/\/genios-gt.com\/wp-content\/uploads\/2024\/01\/ggm-50x50.jpg",50,50,true],"variation_swatches_tooltip_size":["https:\/\/genios-gt.com\/wp-content\/uploads\/2024\/01\/ggm-100x100.jpg",100,100,true],"thaps-thumb-img":["https:\/\/genios-gt.com\/wp-content\/uploads\/2024\/01\/ggm-48x48.jpg",48,48,true]},"uagb_author_info":{"display_name":"Yemito","author_link":"https:\/\/genios-gt.com\/index.php\/author\/"},"uagb_comment_info":0,"uagb_excerpt":"\u2714\ufe0fMaterial:\u00a0 Acero Inoxidable. \u2714\ufe0fDise\u00f1o; Gota de Agua. \u2714\ufe0fEstilo: Gigante. \ud83d\udcb5\u00a0En la compra de 2 o mas obt\u00e9n un descuento especial \ud83c\uddec\ud83c\uddf9\u00a0Env\u00edos a todo el pais. \ud83d\ude9a\u00a0Pagas al recibir.","_links":{"self":[{"href":"https:\/\/genios-gt.com\/index.php\/wp-json\/wp\/v2\/product\/2982"}],"collection":[{"href":"https:\/\/genios-gt.com\/index.php\/wp-json\/wp\/v2\/product"}],"about":[{"href":"https:\/\/genios-gt.com\/index.php\/wp-json\/wp\/v2\/types\/product"}],"replies":[{"embeddable":true,"href":"https:\/\/genios-gt.com\/index.php\/wp-json\/wp\/v2\/comments?post=2982"}],"wp:featuredmedia":[{"embeddable":true,"href":"https:\/\/genios-gt.com\/index.php\/wp-json\/wp\/v2\/media\/2983"}],"wp:attachment":[{"href":"https:\/\/genios-gt.com\/index.php\/wp-json\/wp\/v2\/media?parent=2982"}],"wp:term":[{"taxonomy":"product_cat","embeddable":true,"href":"https:\/\/genios-gt.com\/index.php\/wp-json\/wp\/v2\/product_cat?post=2982"},{"taxonomy":"product_tag","embeddable":true,"href":"https:\/\/genios-gt.com\/index.php\/wp-json\/wp\/v2\/product_tag?post=2982"}],"curies":[{"name":"wp","href":"https:\/\/api.w.org\/{rel}","templated":true}]}}