{"id":2958,"date":"2024-01-28T12:52:38","date_gmt":"2024-01-28T18:52:38","guid":{"rendered":"https:\/\/genios-gt.com\/?post_type=product&#038;p=2958"},"modified":"2024-10-28T23:35:22","modified_gmt":"2024-10-29T05:35:22","slug":"brazalete-con-diamantes-abierta","status":"publish","type":"product","link":"https:\/\/genios-gt.com\/index.php\/producto\/brazalete-con-diamantes-abierta\/","title":{"rendered":"PULSERA CON DIAMANTES ABIERTA"},"content":{"rendered":"<p>TE CONSEDEMOS EL DESEO DE VERTE BIEN!<br \/>\n<span id=\"more-3285\"><\/span><\/p>\n<p>Dist\u00ednguete por tu forma de vestir, olv\u00eddate de las corbatas tradicionales y aburridas, marca la diferencia con los dise\u00f1os que te aran lucir mejor. Recuerda vivimos en una sociedad que como te ven te tratan!<\/p>\n<p><strong>Acerca de este art\u00edculo<\/strong><\/p>\n<ul>\n<li><strong>Pulseras Diamantada Ajustable:<\/strong> la pulsera de circonita Estas pulseras para mujer son \u00f3pticamente impecables y brillo superior. Si est\u00e1s buscando joyas deslumbrantes, nuestra pulsera de circonita c\u00fabica debe encabezar tu lista. Te hace lucir brillante y destacar debido a su hermosa apariencia contra la luz.<\/li>\n<li><strong>Material superior:<\/strong> nuestras pulseras chapadas en oro para mujer tienen una cesta de cuatro garras incrustadas con circonita c\u00fabica romboide, sin plomo ni n\u00edquel, hipoalerg\u00e9nica. Utilizando tecnolog\u00eda artificial avanzada de galvanoplastia y pulido, estas pulseras ajustables para mujer nunca se desvanecen y son duraderas, inodoras y resistentes al desgaste.<\/li>\n<li><strong>Dise\u00f1o ajustable:<\/strong> estas pulseras de plata para mujer miden 0.31 pulgadas de ancho y pesan 0.56 oz. El per\u00edmetro de la pulsera: es de 8.3 pulgadas, ajustable, se adapta a la mayor\u00eda de mu\u00f1ecas de 6.0 a 8.5 pulgadas. Un estilo de pu\u00f1o flexible y ajustable hace que esta pulsera para mujer sea c\u00f3moda de llevar incluso todo el d\u00eda.<\/li>\n<li><strong>Listo para regalar:<\/strong> Estas elegantes pulseras son el regalo de cumplea\u00f1os, perfecto para mujeres, ni\u00f1as, amigos, hermana, hija o esposa. Tambi\u00e9n es perfecto para todos los disfraces y cualquier ocasi\u00f3n. D\u00eda de la Madre, D\u00eda de San Valent\u00edn, bodas, compromisos, compromisos, aniversarios, Acci\u00f3n de Gracias, Navidad, citas, playa, hogar, oficina y vida cotidiana.<\/li>\n<li><strong>Servicio:<\/strong> Valoramos profundamente la experiencia de compra de cada cliente. Si tienes alguna pregunta con estas joyas de oro, no dudes en ponerte en contacto con nosotros en cualquier momento y te proporcionaremos soluciones en poco tiempo.<\/li>\n<\/ul>\n<p>\u00a0<\/p>\n","protected":false},"excerpt":{"rendered":"<p>\u2714\ufe0fMaterial: Acero Inoxidable con incrustaci\u00f3n de diamantes.<\/p>\n<p>\u2714\ufe0fDise\u00f1o; abierto.<\/p>\n<p>\u2714\ufe0fEstilo: Elegante de Moda.<\/p>\n<p>\ud83d\udcb5\u00a0En la compra de 2 o mas obt\u00e9n un descuento especial<\/p>\n<p>\ud83c\uddec\ud83c\uddf9\u00a0Env\u00edos a todo el pais.<\/p>\n<p>\ud83d\ude9a\u00a0Pagas al recibir.<\/p>\n","protected":false},"featured_media":2959,"comment_status":"open","ping_status":"closed","template":"","meta":{"_uag_custom_page_level_css":""},"product_cat":[57],"product_tag":[],"jetpack_sharing_enabled":true,"uagb_featured_image_src":{"full":["https:\/\/genios-gt.com\/wp-content\/uploads\/2024\/01\/WHEJI5I.jpg",400,400,false],"thumbnail":["https:\/\/genios-gt.com\/wp-content\/uploads\/2024\/01\/WHEJI5I-150x150.jpg",150,150,true],"medium":["https:\/\/genios-gt.com\/wp-content\/uploads\/2024\/01\/WHEJI5I-300x300.jpg",300,300,true],"medium_large":["https:\/\/genios-gt.com\/wp-content\/uploads\/2024\/01\/WHEJI5I.jpg",400,400,false],"large":["https:\/\/genios-gt.com\/wp-content\/uploads\/2024\/01\/WHEJI5I.jpg",400,400,false],"1536x1536":["https:\/\/genios-gt.com\/wp-content\/uploads\/2024\/01\/WHEJI5I.jpg",400,400,false],"2048x2048":["https:\/\/genios-gt.com\/wp-content\/uploads\/2024\/01\/WHEJI5I.jpg",400,400,false],"mailpoet_newsletter_max":["https:\/\/genios-gt.com\/wp-content\/uploads\/2024\/01\/WHEJI5I.jpg",400,400,false],"woocommerce_thumbnail":["https:\/\/genios-gt.com\/wp-content\/uploads\/2024\/01\/WHEJI5I-320x320.jpg",320,320,true],"woocommerce_single":["https:\/\/genios-gt.com\/wp-content\/uploads\/2024\/01\/WHEJI5I.jpg",400,400,false],"woocommerce_gallery_thumbnail":["https:\/\/genios-gt.com\/wp-content\/uploads\/2024\/01\/WHEJI5I-100x100.jpg",100,100,true],"variation_swatches_image_size":["https:\/\/genios-gt.com\/wp-content\/uploads\/2024\/01\/WHEJI5I-50x50.jpg",50,50,true],"variation_swatches_tooltip_size":["https:\/\/genios-gt.com\/wp-content\/uploads\/2024\/01\/WHEJI5I-100x100.jpg",100,100,true],"thaps-thumb-img":["https:\/\/genios-gt.com\/wp-content\/uploads\/2024\/01\/WHEJI5I-48x48.jpg",48,48,true]},"uagb_author_info":{"display_name":"Yemito","author_link":"https:\/\/genios-gt.com\/index.php\/author\/"},"uagb_comment_info":0,"uagb_excerpt":"\u2714\ufe0fMaterial: Acero Inoxidable con incrustaci\u00f3n de diamantes. \u2714\ufe0fDise\u00f1o; abierto. \u2714\ufe0fEstilo: Elegante de Moda. \ud83d\udcb5\u00a0En la compra de 2 o mas obt\u00e9n un descuento especial \ud83c\uddec\ud83c\uddf9\u00a0Env\u00edos a todo el pais. \ud83d\ude9a\u00a0Pagas al recibir.","_links":{"self":[{"href":"https:\/\/genios-gt.com\/index.php\/wp-json\/wp\/v2\/product\/2958"}],"collection":[{"href":"https:\/\/genios-gt.com\/index.php\/wp-json\/wp\/v2\/product"}],"about":[{"href":"https:\/\/genios-gt.com\/index.php\/wp-json\/wp\/v2\/types\/product"}],"replies":[{"embeddable":true,"href":"https:\/\/genios-gt.com\/index.php\/wp-json\/wp\/v2\/comments?post=2958"}],"wp:featuredmedia":[{"embeddable":true,"href":"https:\/\/genios-gt.com\/index.php\/wp-json\/wp\/v2\/media\/2959"}],"wp:attachment":[{"href":"https:\/\/genios-gt.com\/index.php\/wp-json\/wp\/v2\/media?parent=2958"}],"wp:term":[{"taxonomy":"product_cat","embeddable":true,"href":"https:\/\/genios-gt.com\/index.php\/wp-json\/wp\/v2\/product_cat?post=2958"},{"taxonomy":"product_tag","embeddable":true,"href":"https:\/\/genios-gt.com\/index.php\/wp-json\/wp\/v2\/product_tag?post=2958"}],"curies":[{"name":"wp","href":"https:\/\/api.w.org\/{rel}","templated":true}]}}