{"id":2938,"date":"2024-01-26T18:40:05","date_gmt":"2024-01-27T00:40:05","guid":{"rendered":"https:\/\/genios-gt.com\/?post_type=product&#038;p=2938"},"modified":"2024-09-27T19:49:00","modified_gmt":"2024-09-28T01:49:00","slug":"collar-de-dragon","status":"publish","type":"product","link":"https:\/\/genios-gt.com\/index.php\/producto\/collar-de-dragon\/","title":{"rendered":"COLLAR DE DRAGON"},"content":{"rendered":"<p title=\"Retro ojos rojos drag\u00f3n colgantes retro Acero inoxidable g\u00f3tico punk drag\u00f3n Collar para hombres mujeres\" data-spm-anchor-id=\"a2700.wholesale.0.i68.710d1f66dPqgG4\">Retro ojos rojos drag\u00f3n colgantes retro Acero inoxidable g\u00f3tico punk drag\u00f3n Collar para hombres mujeres<\/p>\n","protected":false},"excerpt":{"rendered":"<p>Retro ojos rojos drag\u00f3n colgantes retro Acero inoxidable g\u00f3tico punk drag\u00f3n Collar para hombres mujeres<\/p>\n","protected":false},"featured_media":3629,"comment_status":"open","ping_status":"closed","template":"","meta":{"_uag_custom_page_level_css":""},"product_cat":[63],"product_tag":[],"jetpack_sharing_enabled":true,"uagb_featured_image_src":{"full":["https:\/\/genios-gt.com\/wp-content\/uploads\/2024\/01\/DRAGON-OJOS-ROJOS-copia.jpg",1000,1239,false],"thumbnail":["https:\/\/genios-gt.com\/wp-content\/uploads\/2024\/01\/DRAGON-OJOS-ROJOS-copia-150x150.jpg",150,150,true],"medium":["https:\/\/genios-gt.com\/wp-content\/uploads\/2024\/01\/DRAGON-OJOS-ROJOS-copia-242x300.jpg",242,300,true],"medium_large":["https:\/\/genios-gt.com\/wp-content\/uploads\/2024\/01\/DRAGON-OJOS-ROJOS-copia-768x952.jpg",640,793,true],"large":["https:\/\/genios-gt.com\/wp-content\/uploads\/2024\/01\/DRAGON-OJOS-ROJOS-copia-826x1024.jpg",640,793,true],"1536x1536":["https:\/\/genios-gt.com\/wp-content\/uploads\/2024\/01\/DRAGON-OJOS-ROJOS-copia.jpg",1000,1239,false],"2048x2048":["https:\/\/genios-gt.com\/wp-content\/uploads\/2024\/01\/DRAGON-OJOS-ROJOS-copia.jpg",1000,1239,false],"mailpoet_newsletter_max":["https:\/\/genios-gt.com\/wp-content\/uploads\/2024\/01\/DRAGON-OJOS-ROJOS-copia.jpg",1000,1239,false],"woocommerce_thumbnail":["https:\/\/genios-gt.com\/wp-content\/uploads\/2024\/01\/DRAGON-OJOS-ROJOS-copia-320x396.jpg",320,396,true],"woocommerce_single":["https:\/\/genios-gt.com\/wp-content\/uploads\/2024\/01\/DRAGON-OJOS-ROJOS-copia-600x743.jpg",600,743,true],"woocommerce_gallery_thumbnail":["https:\/\/genios-gt.com\/wp-content\/uploads\/2024\/01\/DRAGON-OJOS-ROJOS-copia-100x100.jpg",100,100,true],"variation_swatches_image_size":["https:\/\/genios-gt.com\/wp-content\/uploads\/2024\/01\/DRAGON-OJOS-ROJOS-copia-50x50.jpg",50,50,true],"variation_swatches_tooltip_size":["https:\/\/genios-gt.com\/wp-content\/uploads\/2024\/01\/DRAGON-OJOS-ROJOS-copia-100x100.jpg",100,100,true],"thaps-thumb-img":["https:\/\/genios-gt.com\/wp-content\/uploads\/2024\/01\/DRAGON-OJOS-ROJOS-copia-48x59.jpg",48,59,true]},"uagb_author_info":{"display_name":"Yemito","author_link":"https:\/\/genios-gt.com\/index.php\/author\/"},"uagb_comment_info":0,"uagb_excerpt":"Retro ojos rojos drag\u00f3n colgantes retro Acero inoxidable g\u00f3tico punk drag\u00f3n Collar para hombres mujeres","_links":{"self":[{"href":"https:\/\/genios-gt.com\/index.php\/wp-json\/wp\/v2\/product\/2938"}],"collection":[{"href":"https:\/\/genios-gt.com\/index.php\/wp-json\/wp\/v2\/product"}],"about":[{"href":"https:\/\/genios-gt.com\/index.php\/wp-json\/wp\/v2\/types\/product"}],"replies":[{"embeddable":true,"href":"https:\/\/genios-gt.com\/index.php\/wp-json\/wp\/v2\/comments?post=2938"}],"wp:featuredmedia":[{"embeddable":true,"href":"https:\/\/genios-gt.com\/index.php\/wp-json\/wp\/v2\/media\/3629"}],"wp:attachment":[{"href":"https:\/\/genios-gt.com\/index.php\/wp-json\/wp\/v2\/media?parent=2938"}],"wp:term":[{"taxonomy":"product_cat","embeddable":true,"href":"https:\/\/genios-gt.com\/index.php\/wp-json\/wp\/v2\/product_cat?post=2938"},{"taxonomy":"product_tag","embeddable":true,"href":"https:\/\/genios-gt.com\/index.php\/wp-json\/wp\/v2\/product_tag?post=2938"}],"curies":[{"name":"wp","href":"https:\/\/api.w.org\/{rel}","templated":true}]}}