{"id":2900,"date":"2024-01-26T17:20:35","date_gmt":"2024-01-26T23:20:35","guid":{"rendered":"https:\/\/genios-gt.com\/?post_type=product&#038;p=2900"},"modified":"2024-09-27T20:25:35","modified_gmt":"2024-09-28T02:25:35","slug":"collar-de-dragon-3d","status":"publish","type":"product","link":"https:\/\/genios-gt.com\/index.php\/producto\/collar-de-dragon-3d\/","title":{"rendered":"COLLAR DE DRAGON INFINITO 3D"},"content":{"rendered":"<p title=\"Collar con colgante de cabeza de drag\u00f3n infinity para hombre y mujer, joyer\u00eda vikinga de dise\u00f1o personalizado, de acero inoxidable, dorado, vintage, para motorista\" data-spm-anchor-id=\"a2700.wholesale.0.i87.164957597wHZAU\">Collar con colgante de cabeza de drag\u00f3n infinity para hombre y mujer, joyer\u00eda vikinga de dise\u00f1o personalizado, de acero inoxidable, dorado, vintage<\/p>\n","protected":false},"excerpt":{"rendered":"<p>\u2714\ufe0fMaterial: Colgante y cadena 100%\u00a0 Acero Inoxidable.<\/p>\n<p>\u2714\ufe0fDise\u00f1o: Dragon Infinito<\/p>\n<p>\u2714\ufe0fEstilo: Asi\u00e1tico.<\/p>\n<p>\ud83d\udcb5 En la compra de 2 o mas Envi\u00f3 Gratis.<\/p>\n<p>\ud83c\uddec\ud83c\uddf9\u00a0Env\u00edos a todo el pais.<\/p>\n<p>\ud83d\ude9a\u00a0Pagas al recibir<\/p>\n","protected":false},"featured_media":3623,"comment_status":"open","ping_status":"closed","template":"","meta":{"_uag_custom_page_level_css":""},"product_cat":[63],"product_tag":[],"jetpack_sharing_enabled":true,"uagb_featured_image_src":{"full":["https:\/\/genios-gt.com\/wp-content\/uploads\/2024\/01\/DRAGON-INFINITO-ORO-PLATA.jpg",1000,1239,false],"thumbnail":["https:\/\/genios-gt.com\/wp-content\/uploads\/2024\/01\/DRAGON-INFINITO-ORO-PLATA-150x150.jpg",150,150,true],"medium":["https:\/\/genios-gt.com\/wp-content\/uploads\/2024\/01\/DRAGON-INFINITO-ORO-PLATA-242x300.jpg",242,300,true],"medium_large":["https:\/\/genios-gt.com\/wp-content\/uploads\/2024\/01\/DRAGON-INFINITO-ORO-PLATA-768x952.jpg",640,793,true],"large":["https:\/\/genios-gt.com\/wp-content\/uploads\/2024\/01\/DRAGON-INFINITO-ORO-PLATA-826x1024.jpg",640,793,true],"1536x1536":["https:\/\/genios-gt.com\/wp-content\/uploads\/2024\/01\/DRAGON-INFINITO-ORO-PLATA.jpg",1000,1239,false],"2048x2048":["https:\/\/genios-gt.com\/wp-content\/uploads\/2024\/01\/DRAGON-INFINITO-ORO-PLATA.jpg",1000,1239,false],"mailpoet_newsletter_max":["https:\/\/genios-gt.com\/wp-content\/uploads\/2024\/01\/DRAGON-INFINITO-ORO-PLATA.jpg",1000,1239,false],"woocommerce_thumbnail":["https:\/\/genios-gt.com\/wp-content\/uploads\/2024\/01\/DRAGON-INFINITO-ORO-PLATA-320x396.jpg",320,396,true],"woocommerce_single":["https:\/\/genios-gt.com\/wp-content\/uploads\/2024\/01\/DRAGON-INFINITO-ORO-PLATA-600x743.jpg",600,743,true],"woocommerce_gallery_thumbnail":["https:\/\/genios-gt.com\/wp-content\/uploads\/2024\/01\/DRAGON-INFINITO-ORO-PLATA-100x100.jpg",100,100,true],"variation_swatches_image_size":["https:\/\/genios-gt.com\/wp-content\/uploads\/2024\/01\/DRAGON-INFINITO-ORO-PLATA-50x50.jpg",50,50,true],"variation_swatches_tooltip_size":["https:\/\/genios-gt.com\/wp-content\/uploads\/2024\/01\/DRAGON-INFINITO-ORO-PLATA-100x100.jpg",100,100,true],"thaps-thumb-img":["https:\/\/genios-gt.com\/wp-content\/uploads\/2024\/01\/DRAGON-INFINITO-ORO-PLATA-48x59.jpg",48,59,true]},"uagb_author_info":{"display_name":"Yemito","author_link":"https:\/\/genios-gt.com\/index.php\/author\/"},"uagb_comment_info":0,"uagb_excerpt":"\u2714\ufe0fMaterial: Colgante y cadena 100%\u00a0 Acero Inoxidable. \u2714\ufe0fDise\u00f1o: Dragon Infinito \u2714\ufe0fEstilo: Asi\u00e1tico. \ud83d\udcb5 En la compra de 2 o mas Envi\u00f3 Gratis. \ud83c\uddec\ud83c\uddf9\u00a0Env\u00edos a todo el pais. \ud83d\ude9a\u00a0Pagas al recibir","_links":{"self":[{"href":"https:\/\/genios-gt.com\/index.php\/wp-json\/wp\/v2\/product\/2900"}],"collection":[{"href":"https:\/\/genios-gt.com\/index.php\/wp-json\/wp\/v2\/product"}],"about":[{"href":"https:\/\/genios-gt.com\/index.php\/wp-json\/wp\/v2\/types\/product"}],"replies":[{"embeddable":true,"href":"https:\/\/genios-gt.com\/index.php\/wp-json\/wp\/v2\/comments?post=2900"}],"wp:featuredmedia":[{"embeddable":true,"href":"https:\/\/genios-gt.com\/index.php\/wp-json\/wp\/v2\/media\/3623"}],"wp:attachment":[{"href":"https:\/\/genios-gt.com\/index.php\/wp-json\/wp\/v2\/media?parent=2900"}],"wp:term":[{"taxonomy":"product_cat","embeddable":true,"href":"https:\/\/genios-gt.com\/index.php\/wp-json\/wp\/v2\/product_cat?post=2900"},{"taxonomy":"product_tag","embeddable":true,"href":"https:\/\/genios-gt.com\/index.php\/wp-json\/wp\/v2\/product_tag?post=2900"}],"curies":[{"name":"wp","href":"https:\/\/api.w.org\/{rel}","templated":true}]}}