{"id":2789,"date":"2024-01-22T19:23:58","date_gmt":"2024-01-23T01:23:58","guid":{"rendered":"https:\/\/genios-gt.com\/?post_type=product&#038;p=2789"},"modified":"2024-09-27T20:06:34","modified_gmt":"2024-09-28T02:06:34","slug":"collar-bikinkiga","status":"publish","type":"product","link":"https:\/\/genios-gt.com\/index.php\/producto\/collar-bikinkiga\/","title":{"rendered":"COLLAR BRUJULA DE ANGEL"},"content":{"rendered":"<p title=\"Collar con colgante de acero inoxidable para hombre, colgante con s\u00edmbolo de Vikingo, Od\u00edn, Cuervo, estilo n\u00f3rdico Vegvisir\" data-spm-anchor-id=\"a2700.wholesale.0.i77.428e33358RmJwj\">Collar con colgante de acero inoxidable para hombre, colgante con s\u00edmbolo de Vikingo, Od\u00edn, Cuervo, estilo n\u00f3rdico<\/p>\n","protected":false},"excerpt":{"rendered":"<p>&nbsp;<\/p>\n<p>\u2714\ufe0fMaterial: Colgante\u00a0 y cadena 100% acero inoxidable.<\/p>\n<p>\u2714\ufe0fDise\u00f1o: N\u00f3rdico.<\/p>\n<p>\u2714\ufe0fEstilo: Vikingo.<\/p>\n<p>\ud83d\udcb5 En la compra de 2 o mas Env\u00edo Gratis o bien previo deposito.<\/p>\n<p>\ud83c\uddec\ud83c\uddf9\u00a0Env\u00edos a todo el pais.<\/p>\n<p>\ud83d\ude9a\u00a0Pagas al recibir.<\/p>\n","protected":false},"featured_media":3625,"comment_status":"open","ping_status":"closed","template":"","meta":{"_uag_custom_page_level_css":""},"product_cat":[63],"product_tag":[],"jetpack_sharing_enabled":true,"uagb_featured_image_src":{"full":["https:\/\/genios-gt.com\/wp-content\/uploads\/2024\/01\/BUJULA-CON-ALAS.jpg",1000,1239,false],"thumbnail":["https:\/\/genios-gt.com\/wp-content\/uploads\/2024\/01\/BUJULA-CON-ALAS-150x150.jpg",150,150,true],"medium":["https:\/\/genios-gt.com\/wp-content\/uploads\/2024\/01\/BUJULA-CON-ALAS-242x300.jpg",242,300,true],"medium_large":["https:\/\/genios-gt.com\/wp-content\/uploads\/2024\/01\/BUJULA-CON-ALAS-768x952.jpg",640,793,true],"large":["https:\/\/genios-gt.com\/wp-content\/uploads\/2024\/01\/BUJULA-CON-ALAS-826x1024.jpg",640,793,true],"1536x1536":["https:\/\/genios-gt.com\/wp-content\/uploads\/2024\/01\/BUJULA-CON-ALAS.jpg",1000,1239,false],"2048x2048":["https:\/\/genios-gt.com\/wp-content\/uploads\/2024\/01\/BUJULA-CON-ALAS.jpg",1000,1239,false],"mailpoet_newsletter_max":["https:\/\/genios-gt.com\/wp-content\/uploads\/2024\/01\/BUJULA-CON-ALAS.jpg",1000,1239,false],"woocommerce_thumbnail":["https:\/\/genios-gt.com\/wp-content\/uploads\/2024\/01\/BUJULA-CON-ALAS-320x396.jpg",320,396,true],"woocommerce_single":["https:\/\/genios-gt.com\/wp-content\/uploads\/2024\/01\/BUJULA-CON-ALAS-600x743.jpg",600,743,true],"woocommerce_gallery_thumbnail":["https:\/\/genios-gt.com\/wp-content\/uploads\/2024\/01\/BUJULA-CON-ALAS-100x100.jpg",100,100,true],"variation_swatches_image_size":["https:\/\/genios-gt.com\/wp-content\/uploads\/2024\/01\/BUJULA-CON-ALAS-50x50.jpg",50,50,true],"variation_swatches_tooltip_size":["https:\/\/genios-gt.com\/wp-content\/uploads\/2024\/01\/BUJULA-CON-ALAS-100x100.jpg",100,100,true],"thaps-thumb-img":["https:\/\/genios-gt.com\/wp-content\/uploads\/2024\/01\/BUJULA-CON-ALAS-48x59.jpg",48,59,true]},"uagb_author_info":{"display_name":"Yemito","author_link":"https:\/\/genios-gt.com\/index.php\/author\/"},"uagb_comment_info":0,"uagb_excerpt":"&nbsp; \u2714\ufe0fMaterial: Colgante\u00a0 y cadena 100% acero inoxidable. \u2714\ufe0fDise\u00f1o: N\u00f3rdico. \u2714\ufe0fEstilo: Vikingo. \ud83d\udcb5 En la compra de 2 o mas Env\u00edo Gratis o bien previo deposito. \ud83c\uddec\ud83c\uddf9\u00a0Env\u00edos a todo el pais. \ud83d\ude9a\u00a0Pagas al recibir.","_links":{"self":[{"href":"https:\/\/genios-gt.com\/index.php\/wp-json\/wp\/v2\/product\/2789"}],"collection":[{"href":"https:\/\/genios-gt.com\/index.php\/wp-json\/wp\/v2\/product"}],"about":[{"href":"https:\/\/genios-gt.com\/index.php\/wp-json\/wp\/v2\/types\/product"}],"replies":[{"embeddable":true,"href":"https:\/\/genios-gt.com\/index.php\/wp-json\/wp\/v2\/comments?post=2789"}],"wp:featuredmedia":[{"embeddable":true,"href":"https:\/\/genios-gt.com\/index.php\/wp-json\/wp\/v2\/media\/3625"}],"wp:attachment":[{"href":"https:\/\/genios-gt.com\/index.php\/wp-json\/wp\/v2\/media?parent=2789"}],"wp:term":[{"taxonomy":"product_cat","embeddable":true,"href":"https:\/\/genios-gt.com\/index.php\/wp-json\/wp\/v2\/product_cat?post=2789"},{"taxonomy":"product_tag","embeddable":true,"href":"https:\/\/genios-gt.com\/index.php\/wp-json\/wp\/v2\/product_tag?post=2789"}],"curies":[{"name":"wp","href":"https:\/\/api.w.org\/{rel}","templated":true}]}}