{"id":2760,"date":"2024-01-22T13:42:31","date_gmt":"2024-01-22T19:42:31","guid":{"rendered":"https:\/\/genios-gt.com\/?post_type=product&#038;p=2760"},"modified":"2026-03-10T14:22:58","modified_gmt":"2026-03-10T20:22:58","slug":"pulsera-de-mantra","status":"publish","type":"product","link":"https:\/\/genios-gt.com\/index.php\/producto\/pulsera-de-mantra\/","title":{"rendered":"PULSERA MANTRA DE LA ABUNDANCIA B01"},"content":{"rendered":"<p><span class=\"AnswerParser_TextContainer__z_Iiv\" data-testid=\"youchat-text\">\u2728\u00a0<strong>Descubre la Pulsera de Abundancia<\/strong>\u00a0\u2728<\/span><\/p>\n<p><span class=\"AnswerParser_TextContainer__z_Iiv\" data-testid=\"youchat-text\">Atr\u00e9vete a transformar tu energ\u00eda y atraer la prosperidad que mereces con nuestra exclusiva pulsera, un verdadero mantra para la abundancia. <\/span><\/p>\n<p><span class=\"AnswerParser_TextContainer__z_Iiv\" data-testid=\"youchat-text\">Dise\u00f1ada con materiales de alta calidad y cargada de buenas vibras, esta pulsera es m\u00e1s que un accesorio; es tu aliado en la b\u00fasqueda de la fortuna y la buena suerte. Lleva contigo la promesa de un futuro pr\u00f3spero y deja que la abundancia fluya en cada aspecto de tu vida. \u00a1Haz de cada d\u00eda una celebraci\u00f3n de tu \u00e9xito!<\/span><\/p>\n<p><span class=\"AnswerParser_TextContainer__z_Iiv\" data-testid=\"youchat-text\"> \ud83c\udf1f<\/span><span class=\"AnswerParser_TextContainer__z_Iiv\" data-testid=\"youchat-text\">\u00a1Adquiere la tuya y siente la diferencia!<\/span><\/p>\n","protected":false},"excerpt":{"rendered":"<p>\u2714\ufe0fMaterial: Cobre con ba\u00f1o de plata S925.<\/p>\n<p>\u2714\ufe0fDise\u00f1o: Doble cadena placa y broche .<\/p>\n<p>\u2714\ufe0fEstilo: Retro Vintage.<\/p>\n<p>\ud83d\udcb5 En la compra de 2 o mas Envi\u00f3 Gratis.<\/p>\n<p>\ud83c\uddec\ud83c\uddf9\u00a0Env\u00edos a todo el pais.<\/p>\n<p>\ud83d\ude9a\u00a0Pagas al recibir.<\/p>\n","protected":false},"featured_media":4649,"comment_status":"open","ping_status":"closed","template":"","meta":{"_uag_custom_page_level_css":""},"product_cat":[57],"product_tag":[],"jetpack_sharing_enabled":true,"uagb_featured_image_src":{"full":["https:\/\/genios-gt.com\/wp-content\/uploads\/2024\/01\/PULSERA-ANTIESTRES-B01-scaled.jpg",2560,2560,false],"thumbnail":["https:\/\/genios-gt.com\/wp-content\/uploads\/2024\/01\/PULSERA-ANTIESTRES-B01-150x150.jpg",150,150,true],"medium":["https:\/\/genios-gt.com\/wp-content\/uploads\/2024\/01\/PULSERA-ANTIESTRES-B01-300x300.jpg",300,300,true],"medium_large":["https:\/\/genios-gt.com\/wp-content\/uploads\/2024\/01\/PULSERA-ANTIESTRES-B01-768x768.jpg",640,640,true],"large":["https:\/\/genios-gt.com\/wp-content\/uploads\/2024\/01\/PULSERA-ANTIESTRES-B01-1024x1024.jpg",640,640,true],"1536x1536":["https:\/\/genios-gt.com\/wp-content\/uploads\/2024\/01\/PULSERA-ANTIESTRES-B01-1536x1536.jpg",1536,1536,true],"2048x2048":["https:\/\/genios-gt.com\/wp-content\/uploads\/2024\/01\/PULSERA-ANTIESTRES-B01-2048x2048.jpg",2048,2048,true],"mailpoet_newsletter_max":["https:\/\/genios-gt.com\/wp-content\/uploads\/2024\/01\/PULSERA-ANTIESTRES-B01-1320x1320.jpg",1320,1320,true],"woocommerce_thumbnail":["https:\/\/genios-gt.com\/wp-content\/uploads\/2024\/01\/PULSERA-ANTIESTRES-B01-320x320.jpg",320,320,true],"woocommerce_single":["https:\/\/genios-gt.com\/wp-content\/uploads\/2024\/01\/PULSERA-ANTIESTRES-B01-600x600.jpg",600,600,true],"woocommerce_gallery_thumbnail":["https:\/\/genios-gt.com\/wp-content\/uploads\/2024\/01\/PULSERA-ANTIESTRES-B01-100x100.jpg",100,100,true],"variation_swatches_image_size":["https:\/\/genios-gt.com\/wp-content\/uploads\/2024\/01\/PULSERA-ANTIESTRES-B01-50x50.jpg",50,50,true],"variation_swatches_tooltip_size":["https:\/\/genios-gt.com\/wp-content\/uploads\/2024\/01\/PULSERA-ANTIESTRES-B01-100x100.jpg",100,100,true],"thaps-thumb-img":["https:\/\/genios-gt.com\/wp-content\/uploads\/2024\/01\/PULSERA-ANTIESTRES-B01-48x48.jpg",48,48,true]},"uagb_author_info":{"display_name":"Yemito","author_link":"https:\/\/genios-gt.com\/index.php\/author\/"},"uagb_comment_info":0,"uagb_excerpt":"\u2714\ufe0fMaterial: Cobre con ba\u00f1o de plata S925. \u2714\ufe0fDise\u00f1o: Doble cadena placa y broche . \u2714\ufe0fEstilo: Retro Vintage. \ud83d\udcb5 En la compra de 2 o mas Envi\u00f3 Gratis. \ud83c\uddec\ud83c\uddf9\u00a0Env\u00edos a todo el pais. \ud83d\ude9a\u00a0Pagas al recibir.","_links":{"self":[{"href":"https:\/\/genios-gt.com\/index.php\/wp-json\/wp\/v2\/product\/2760"}],"collection":[{"href":"https:\/\/genios-gt.com\/index.php\/wp-json\/wp\/v2\/product"}],"about":[{"href":"https:\/\/genios-gt.com\/index.php\/wp-json\/wp\/v2\/types\/product"}],"replies":[{"embeddable":true,"href":"https:\/\/genios-gt.com\/index.php\/wp-json\/wp\/v2\/comments?post=2760"}],"wp:featuredmedia":[{"embeddable":true,"href":"https:\/\/genios-gt.com\/index.php\/wp-json\/wp\/v2\/media\/4649"}],"wp:attachment":[{"href":"https:\/\/genios-gt.com\/index.php\/wp-json\/wp\/v2\/media?parent=2760"}],"wp:term":[{"taxonomy":"product_cat","embeddable":true,"href":"https:\/\/genios-gt.com\/index.php\/wp-json\/wp\/v2\/product_cat?post=2760"},{"taxonomy":"product_tag","embeddable":true,"href":"https:\/\/genios-gt.com\/index.php\/wp-json\/wp\/v2\/product_tag?post=2760"}],"curies":[{"name":"wp","href":"https:\/\/api.w.org\/{rel}","templated":true}]}}