{"id":2712,"date":"2024-01-20T16:26:43","date_gmt":"2024-01-20T22:26:43","guid":{"rendered":"https:\/\/genios-gt.com\/?post_type=product&#038;p=2712"},"modified":"2026-03-06T13:49:34","modified_gmt":"2026-03-06T19:49:34","slug":"pulsera-giratorio-anti-estres","status":"publish","type":"product","link":"https:\/\/genios-gt.com\/index.php\/producto\/pulsera-giratorio-anti-estres\/","title":{"rendered":"PULSERA DISCO GIRATORIO ANTIESTRES B03"},"content":{"rendered":"<p>TE CONSEDEMOS EL DESEO DE VERTE BIEN!<br \/>\n<span id=\"more-3285\"><\/span><\/p>\n<p>Dist\u00ednguete por tu forma de vestir, olv\u00eddate de las corbatas tradicionales y aburridas, marca la diferencia con los dise\u00f1os que te aran lucir mejor. Recuerda vivimos en una sociedad que como te ven te tratan!<\/p>\n<p><strong>Acerca de este art\u00edculo<\/strong><\/p>\n<ul>\n<li>Amplia aplicaci\u00f3n: la colisi\u00f3n de moda y cl\u00e1sica. Los dise\u00f1os elegantes hacen que la pulsera sea f\u00e1cil de combinar con cualquiera de tus prendas. Adecuado para uso diario, vacaciones, fiestas, citas o cualquier ocasi\u00f3n en la que quieras recibir m\u00e1s cumplidos.<\/li>\n<li>Conocido: nuestro juego de pulseras vintage es de dise\u00f1o unisex, adecuado tanto para mujeres como para hombres. Puedes usarlos juntos o por separado. Combina bien con cualquiera de tus atuendos, las pulseras muestran tu gusto y personalidad. Amplia aplicaci\u00f3n: la colisi\u00f3n de moda y cl\u00e1sica. Los dise\u00f1os elegantes hacen que la pulsera sea f\u00e1cil de combinar con cualquiera de tus prendas. Adecuado para uso diario, vacaciones, fiestas, citas o cualquier ocasi\u00f3n en la que quieras recibir m\u00e1s cumplidos. Dise\u00f1o humanizado: las pulseras geniales<\/li>\n<li>Los mejores regalos: pulseras simples y modernas, una maravillosa opci\u00f3n de regalo para tus amigos, hermanos, ni\u00f1os, marido en cumplea\u00f1os, aniversario y d\u00eda de San Valent\u00edn. Definitivamente vale la pena la compra<\/li>\n<li>Hermoso y elegante: los estilos \u00fanicos son suficientes para que cambies, dar a las personas una sensaci\u00f3n diferente, es un maravilloso regalo para ti, te encantar\u00e1 esta pulsera.<\/li>\n<li>Cada eslab\u00f3n de esta pulsera gruesa est\u00e1 fuertemente soldado entre s\u00ed y altamente pulido, tambi\u00e9n es una opci\u00f3n econ\u00f3mica para ti<\/li>\n<\/ul>\n<h4 class=\"product-facts-title\">Detalles del producto<\/h4>\n<div class=\"a-fixed-left-grid-inner\">\n<div class=\"a-fixed-left-grid-col a-col-left\"><strong><span class=\"a-color-base\">Material: <\/span><\/strong><span class=\"a-color-base\">Silver<\/span><\/div>\n<\/div>\n<div class=\"a-fixed-left-grid-inner\">\n<h4 class=\"a-fixed-left-grid-col a-col-left\"><strong><span class=\"a-color-base\">Tipo de metal: <\/span><\/strong><span class=\"a-color-base\">Aleaci\u00f3n<\/span><\/h4>\n<h4 class=\"a-fixed-left-grid-col a-col-left\"><strong>Tipo de cierre<\/strong>: <span class=\"a-color-base\">Lobster Claw<\/span><\/h4>\n<\/div>\n<div class=\"a-fixed-left-grid-inner\">\n<div class=\"a-fixed-left-grid-col a-col-left\"><strong><span class=\"a-color-base\">Tipo de cadena: <\/span><\/strong><span class=\"a-color-base\">Cuban Chain, Link Chain<\/span><\/div>\n<\/div>\n<div class=\"a-fixed-left-grid-inner\">\n<div class=\"a-fixed-left-grid-col a-col-left\"><strong><span class=\"a-color-base\">Tipo de gema: <\/span><\/strong><span class=\"a-color-base\">\u00c1gata<\/span><\/div>\n<\/div>\n<div class=\"a-fixed-left-grid product-facts-detail\">\n<div class=\"a-fixed-left-grid-inner\">\n<h4 class=\"a-fixed-left-grid-col a-col-left\"><strong><span class=\"a-color-base\">Pa\u00eds de origen: <\/span><span class=\"a-color-base\">China<\/span><\/strong><\/h4>\n<\/div>\n<\/div>\n","protected":false},"excerpt":{"rendered":"<p>\u2714\ufe0fMaterial: Cobre con ba\u00f1o de plata S925<\/p>\n<p>\u2714\ufe0fDise\u00f1o; Giratorio anti estr\u00e9s.<\/p>\n<p>\u2714\ufe0fEstilo: Dragon amuleto de riqueza.<\/p>\n<p>\ud83d\udcb5 En la compra de 2 o mas productos Env\u00edo Gratis.<\/p>\n<p>\ud83c\uddec\ud83c\uddf9\u00a0Env\u00edos a todo el pais.<\/p>\n<p>\ud83d\ude9a\u00a0Pagas al recibir.<\/p>\n","protected":false},"featured_media":3656,"comment_status":"open","ping_status":"closed","template":"","meta":{"_uag_custom_page_level_css":""},"product_cat":[57],"product_tag":[],"jetpack_sharing_enabled":true,"uagb_featured_image_src":{"full":["https:\/\/genios-gt.com\/wp-content\/uploads\/2024\/01\/PULCERA-DISCO-GIRATORIO.jpg",1000,1239,false],"thumbnail":["https:\/\/genios-gt.com\/wp-content\/uploads\/2024\/01\/PULCERA-DISCO-GIRATORIO-150x150.jpg",150,150,true],"medium":["https:\/\/genios-gt.com\/wp-content\/uploads\/2024\/01\/PULCERA-DISCO-GIRATORIO-242x300.jpg",242,300,true],"medium_large":["https:\/\/genios-gt.com\/wp-content\/uploads\/2024\/01\/PULCERA-DISCO-GIRATORIO-768x952.jpg",640,793,true],"large":["https:\/\/genios-gt.com\/wp-content\/uploads\/2024\/01\/PULCERA-DISCO-GIRATORIO-826x1024.jpg",640,793,true],"1536x1536":["https:\/\/genios-gt.com\/wp-content\/uploads\/2024\/01\/PULCERA-DISCO-GIRATORIO.jpg",1000,1239,false],"2048x2048":["https:\/\/genios-gt.com\/wp-content\/uploads\/2024\/01\/PULCERA-DISCO-GIRATORIO.jpg",1000,1239,false],"mailpoet_newsletter_max":["https:\/\/genios-gt.com\/wp-content\/uploads\/2024\/01\/PULCERA-DISCO-GIRATORIO.jpg",1000,1239,false],"woocommerce_thumbnail":["https:\/\/genios-gt.com\/wp-content\/uploads\/2024\/01\/PULCERA-DISCO-GIRATORIO-320x396.jpg",320,396,true],"woocommerce_single":["https:\/\/genios-gt.com\/wp-content\/uploads\/2024\/01\/PULCERA-DISCO-GIRATORIO-600x743.jpg",600,743,true],"woocommerce_gallery_thumbnail":["https:\/\/genios-gt.com\/wp-content\/uploads\/2024\/01\/PULCERA-DISCO-GIRATORIO-100x100.jpg",100,100,true],"variation_swatches_image_size":["https:\/\/genios-gt.com\/wp-content\/uploads\/2024\/01\/PULCERA-DISCO-GIRATORIO-50x50.jpg",50,50,true],"variation_swatches_tooltip_size":["https:\/\/genios-gt.com\/wp-content\/uploads\/2024\/01\/PULCERA-DISCO-GIRATORIO-100x100.jpg",100,100,true],"thaps-thumb-img":["https:\/\/genios-gt.com\/wp-content\/uploads\/2024\/01\/PULCERA-DISCO-GIRATORIO-48x59.jpg",48,59,true]},"uagb_author_info":{"display_name":"Yemito","author_link":"https:\/\/genios-gt.com\/index.php\/author\/"},"uagb_comment_info":0,"uagb_excerpt":"\u2714\ufe0fMaterial: Cobre con ba\u00f1o de plata S925 \u2714\ufe0fDise\u00f1o; Giratorio anti estr\u00e9s. \u2714\ufe0fEstilo: Dragon amuleto de riqueza. \ud83d\udcb5 En la compra de 2 o mas productos Env\u00edo Gratis. \ud83c\uddec\ud83c\uddf9\u00a0Env\u00edos a todo el pais. \ud83d\ude9a\u00a0Pagas al recibir.","_links":{"self":[{"href":"https:\/\/genios-gt.com\/index.php\/wp-json\/wp\/v2\/product\/2712"}],"collection":[{"href":"https:\/\/genios-gt.com\/index.php\/wp-json\/wp\/v2\/product"}],"about":[{"href":"https:\/\/genios-gt.com\/index.php\/wp-json\/wp\/v2\/types\/product"}],"replies":[{"embeddable":true,"href":"https:\/\/genios-gt.com\/index.php\/wp-json\/wp\/v2\/comments?post=2712"}],"wp:featuredmedia":[{"embeddable":true,"href":"https:\/\/genios-gt.com\/index.php\/wp-json\/wp\/v2\/media\/3656"}],"wp:attachment":[{"href":"https:\/\/genios-gt.com\/index.php\/wp-json\/wp\/v2\/media?parent=2712"}],"wp:term":[{"taxonomy":"product_cat","embeddable":true,"href":"https:\/\/genios-gt.com\/index.php\/wp-json\/wp\/v2\/product_cat?post=2712"},{"taxonomy":"product_tag","embeddable":true,"href":"https:\/\/genios-gt.com\/index.php\/wp-json\/wp\/v2\/product_tag?post=2712"}],"curies":[{"name":"wp","href":"https:\/\/api.w.org\/{rel}","templated":true}]}}