{"id":2652,"date":"2024-01-17T11:23:12","date_gmt":"2024-01-17T17:23:12","guid":{"rendered":"https:\/\/genios-gt.com\/?post_type=product&#038;p=2652"},"modified":"2024-10-13T11:53:06","modified_gmt":"2024-10-13T17:53:06","slug":"aretes-de-concha-de-abulon","status":"publish","type":"product","link":"https:\/\/genios-gt.com\/index.php\/producto\/aretes-de-concha-de-abulon\/","title":{"rendered":"Aretes de concha de Abul\u00f3n"},"content":{"rendered":"<p>Aretes: Pendientes colgantes de abanico de colores vintage.<\/p>\n<p title=\"Pendientes colgantes de abanico de color vintage concha de abul\u00f3n\/n\u00e1car blanco\/malaquita verde\">Concha de abul\u00f3n<\/p>\n<p title=\"Pendientes colgantes de abanico de color vintage concha de abul\u00f3n\/n\u00e1car blanco\/malaquita verde\">N\u00e1car blanco.<\/p>\n<p title=\"Pendientes colgantes de abanico de color vintage concha de abul\u00f3n\/n\u00e1car blanco\/malaquita verde\">Malaquita verde<\/p>\n","protected":false},"excerpt":{"rendered":"<p>\u2714\ufe0fMaterial: Fantas\u00eda Fina de Acero Inoxidable.<\/p>\n<p>\u2714\ufe0fDise\u00f1o; Concha de abul\u00f3n, N\u00e1car blanco, Malaquita verde.<\/p>\n<p>\u2714\ufe0fEstilo:\u00a0 Abanico.<\/p>\n<p>\ud83d\udcb5 En la compra de 2 o mas de diferente estilo obt\u00e9n un descuento especial<\/p>\n<p>\ud83c\uddec\ud83c\uddf9\u00a0Env\u00edos a todo el pais.<\/p>\n<p>\ud83d\ude9a\u00a0Pagas al recibir.<\/p>\n","protected":false},"featured_media":2653,"comment_status":"open","ping_status":"closed","template":"","meta":{"_uag_custom_page_level_css":""},"product_cat":[54],"product_tag":[],"jetpack_sharing_enabled":true,"uagb_featured_image_src":{"full":["https:\/\/genios-gt.com\/wp-content\/uploads\/2024\/01\/a3-1.jpg",579,577,false],"thumbnail":["https:\/\/genios-gt.com\/wp-content\/uploads\/2024\/01\/a3-1-150x150.jpg",150,150,true],"medium":["https:\/\/genios-gt.com\/wp-content\/uploads\/2024\/01\/a3-1-300x300.jpg",300,300,true],"medium_large":["https:\/\/genios-gt.com\/wp-content\/uploads\/2024\/01\/a3-1.jpg",579,577,false],"large":["https:\/\/genios-gt.com\/wp-content\/uploads\/2024\/01\/a3-1.jpg",579,577,false],"1536x1536":["https:\/\/genios-gt.com\/wp-content\/uploads\/2024\/01\/a3-1.jpg",579,577,false],"2048x2048":["https:\/\/genios-gt.com\/wp-content\/uploads\/2024\/01\/a3-1.jpg",579,577,false],"mailpoet_newsletter_max":["https:\/\/genios-gt.com\/wp-content\/uploads\/2024\/01\/a3-1.jpg",579,577,false],"woocommerce_thumbnail":["https:\/\/genios-gt.com\/wp-content\/uploads\/2024\/01\/a3-1-320x319.jpg",320,319,true],"woocommerce_single":["https:\/\/genios-gt.com\/wp-content\/uploads\/2024\/01\/a3-1.jpg",579,577,false],"woocommerce_gallery_thumbnail":["https:\/\/genios-gt.com\/wp-content\/uploads\/2024\/01\/a3-1-100x100.jpg",100,100,true],"variation_swatches_image_size":["https:\/\/genios-gt.com\/wp-content\/uploads\/2024\/01\/a3-1-50x50.jpg",50,50,true],"variation_swatches_tooltip_size":["https:\/\/genios-gt.com\/wp-content\/uploads\/2024\/01\/a3-1-100x100.jpg",100,100,true],"thaps-thumb-img":["https:\/\/genios-gt.com\/wp-content\/uploads\/2024\/01\/a3-1.jpg",48,48,false]},"uagb_author_info":{"display_name":"Yemito","author_link":"https:\/\/genios-gt.com\/index.php\/author\/"},"uagb_comment_info":0,"uagb_excerpt":"\u2714\ufe0fMaterial: Fantas\u00eda Fina de Acero Inoxidable. \u2714\ufe0fDise\u00f1o; Concha de abul\u00f3n, N\u00e1car blanco, Malaquita verde. \u2714\ufe0fEstilo:\u00a0 Abanico. \ud83d\udcb5 En la compra de 2 o mas de diferente estilo obt\u00e9n un descuento especial \ud83c\uddec\ud83c\uddf9\u00a0Env\u00edos a todo el pais. \ud83d\ude9a\u00a0Pagas al recibir.","_links":{"self":[{"href":"https:\/\/genios-gt.com\/index.php\/wp-json\/wp\/v2\/product\/2652"}],"collection":[{"href":"https:\/\/genios-gt.com\/index.php\/wp-json\/wp\/v2\/product"}],"about":[{"href":"https:\/\/genios-gt.com\/index.php\/wp-json\/wp\/v2\/types\/product"}],"replies":[{"embeddable":true,"href":"https:\/\/genios-gt.com\/index.php\/wp-json\/wp\/v2\/comments?post=2652"}],"wp:featuredmedia":[{"embeddable":true,"href":"https:\/\/genios-gt.com\/index.php\/wp-json\/wp\/v2\/media\/2653"}],"wp:attachment":[{"href":"https:\/\/genios-gt.com\/index.php\/wp-json\/wp\/v2\/media?parent=2652"}],"wp:term":[{"taxonomy":"product_cat","embeddable":true,"href":"https:\/\/genios-gt.com\/index.php\/wp-json\/wp\/v2\/product_cat?post=2652"},{"taxonomy":"product_tag","embeddable":true,"href":"https:\/\/genios-gt.com\/index.php\/wp-json\/wp\/v2\/product_tag?post=2652"}],"curies":[{"name":"wp","href":"https:\/\/api.w.org\/{rel}","templated":true}]}}