{"id":2631,"date":"2024-01-16T19:18:37","date_gmt":"2024-01-17T01:18:37","guid":{"rendered":"https:\/\/genios-gt.com\/?post_type=product&#038;p=2631"},"modified":"2024-10-13T11:45:31","modified_gmt":"2024-10-13T17:45:31","slug":"aretes-de-resina","status":"publish","type":"product","link":"https:\/\/genios-gt.com\/index.php\/producto\/aretes-de-resina\/","title":{"rendered":"Aretes de Resina"},"content":{"rendered":"<p title=\"Pendientes colgantes redondos transparentes de Color acr\u00edlico geom\u00e9trico Retro para mujer, Pendientes colgantes de resina geom\u00e9tricos redondos para mujer\" data-spm-anchor-id=\"a2700.wholesale.0.i74.537237ea7SxDrw\">Pendientes colgantes redondos transparentes de Color acr\u00edlico geom\u00e9trico Retro para mujer, Pendientes colgantes de resina. Pendientes de resina exagerados acr\u00edlicos geom\u00e9tricos Retro para mujer, joyer\u00eda 2024.<\/p>\n<p title=\"Pendientes de resina exagerados acr\u00edlicos geom\u00e9tricos Retro para mujer, joyer\u00eda 2020\" data-spm-anchor-id=\"a2700.wholesale.0.i82.56182d7ahSHfbf\">Imag\u00ednate lucir semejante belleza!<\/p>\n","protected":false},"excerpt":{"rendered":"<p>\u2714\ufe0fMaterial: Acr\u00edlico, resina y acero inoxidable<\/p>\n<p>\u2714\ufe0fDise\u00f1o; circular exagerado.<\/p>\n<p>\u2714\ufe0fEstilo: Retro Vintage.<\/p>\n<p>\ud83d\udcb5\u00a0En la compra de 2 o mas obt\u00e9n un descuento especial<\/p>\n<p>\ud83c\uddec\ud83c\uddf9\u00a0Env\u00edos a todo el pais.<\/p>\n<p>\ud83d\ude9a\u00a0Pagas al recibir.<\/p>\n","protected":false},"featured_media":2953,"comment_status":"open","ping_status":"closed","template":"","meta":{"_uag_custom_page_level_css":""},"product_cat":[54],"product_tag":[],"jetpack_sharing_enabled":true,"uagb_featured_image_src":{"full":["https:\/\/genios-gt.com\/wp-content\/uploads\/2024\/01\/LULUYL.jpg",500,500,false],"thumbnail":["https:\/\/genios-gt.com\/wp-content\/uploads\/2024\/01\/LULUYL-150x150.jpg",150,150,true],"medium":["https:\/\/genios-gt.com\/wp-content\/uploads\/2024\/01\/LULUYL-300x300.jpg",300,300,true],"medium_large":["https:\/\/genios-gt.com\/wp-content\/uploads\/2024\/01\/LULUYL.jpg",500,500,false],"large":["https:\/\/genios-gt.com\/wp-content\/uploads\/2024\/01\/LULUYL.jpg",500,500,false],"1536x1536":["https:\/\/genios-gt.com\/wp-content\/uploads\/2024\/01\/LULUYL.jpg",500,500,false],"2048x2048":["https:\/\/genios-gt.com\/wp-content\/uploads\/2024\/01\/LULUYL.jpg",500,500,false],"mailpoet_newsletter_max":["https:\/\/genios-gt.com\/wp-content\/uploads\/2024\/01\/LULUYL.jpg",500,500,false],"woocommerce_thumbnail":["https:\/\/genios-gt.com\/wp-content\/uploads\/2024\/01\/LULUYL-320x320.jpg",320,320,true],"woocommerce_single":["https:\/\/genios-gt.com\/wp-content\/uploads\/2024\/01\/LULUYL.jpg",500,500,false],"woocommerce_gallery_thumbnail":["https:\/\/genios-gt.com\/wp-content\/uploads\/2024\/01\/LULUYL-100x100.jpg",100,100,true],"variation_swatches_image_size":["https:\/\/genios-gt.com\/wp-content\/uploads\/2024\/01\/LULUYL-50x50.jpg",50,50,true],"variation_swatches_tooltip_size":["https:\/\/genios-gt.com\/wp-content\/uploads\/2024\/01\/LULUYL-100x100.jpg",100,100,true],"thaps-thumb-img":["https:\/\/genios-gt.com\/wp-content\/uploads\/2024\/01\/LULUYL-48x48.jpg",48,48,true]},"uagb_author_info":{"display_name":"Yemito","author_link":"https:\/\/genios-gt.com\/index.php\/author\/"},"uagb_comment_info":0,"uagb_excerpt":"\u2714\ufe0fMaterial: Acr\u00edlico, resina y acero inoxidable \u2714\ufe0fDise\u00f1o; circular exagerado. \u2714\ufe0fEstilo: Retro Vintage. \ud83d\udcb5\u00a0En la compra de 2 o mas obt\u00e9n un descuento especial \ud83c\uddec\ud83c\uddf9\u00a0Env\u00edos a todo el pais. \ud83d\ude9a\u00a0Pagas al recibir.","_links":{"self":[{"href":"https:\/\/genios-gt.com\/index.php\/wp-json\/wp\/v2\/product\/2631"}],"collection":[{"href":"https:\/\/genios-gt.com\/index.php\/wp-json\/wp\/v2\/product"}],"about":[{"href":"https:\/\/genios-gt.com\/index.php\/wp-json\/wp\/v2\/types\/product"}],"replies":[{"embeddable":true,"href":"https:\/\/genios-gt.com\/index.php\/wp-json\/wp\/v2\/comments?post=2631"}],"wp:featuredmedia":[{"embeddable":true,"href":"https:\/\/genios-gt.com\/index.php\/wp-json\/wp\/v2\/media\/2953"}],"wp:attachment":[{"href":"https:\/\/genios-gt.com\/index.php\/wp-json\/wp\/v2\/media?parent=2631"}],"wp:term":[{"taxonomy":"product_cat","embeddable":true,"href":"https:\/\/genios-gt.com\/index.php\/wp-json\/wp\/v2\/product_cat?post=2631"},{"taxonomy":"product_tag","embeddable":true,"href":"https:\/\/genios-gt.com\/index.php\/wp-json\/wp\/v2\/product_tag?post=2631"}],"curies":[{"name":"wp","href":"https:\/\/api.w.org\/{rel}","templated":true}]}}