{"id":2619,"date":"2024-01-16T18:57:17","date_gmt":"2024-01-17T00:57:17","guid":{"rendered":"https:\/\/genios-gt.com\/?post_type=product&#038;p=2619"},"modified":"2024-10-13T11:48:41","modified_gmt":"2024-10-13T17:48:41","slug":"aretes-de-cuentas-con-borlas-largas","status":"publish","type":"product","link":"https:\/\/genios-gt.com\/index.php\/producto\/aretes-de-cuentas-con-borlas-largas\/","title":{"rendered":"Aretes de Cuentas con Borlas Largas"},"content":{"rendered":"<p title=\"Pendientes de joyer\u00eda de moda con borlas largas de \u00f3palo gota de agua de nuevo dise\u00f1o\" data-spm-anchor-id=\"a2700.wholesale.0.i79.260a715fxpdc1d\">Pendientes de joyer\u00eda de moda con borlas largas de \u00f3palo gota de agua de nuevo dise\u00f1o<\/p>\n<p title=\"Pendientes de joyer\u00eda de moda con borlas largas de \u00f3palo gota de agua de nuevo dise\u00f1o\" data-spm-anchor-id=\"a2700.wholesale.0.i79.260a715fxpdc1d\">Tres colores disponibles<\/p>\n<p><iframe loading=\"lazy\" title=\"pendientes borlas largas\" width=\"640\" height=\"480\" src=\"https:\/\/www.youtube.com\/embed\/_6yStY_KPyQ?feature=oembed\" frameborder=\"0\" allow=\"accelerometer; autoplay; clipboard-write; encrypted-media; gyroscope; picture-in-picture; web-share\" referrerpolicy=\"strict-origin-when-cross-origin\" allowfullscreen><\/iframe><\/p>\n","protected":false},"excerpt":{"rendered":"<p>\u2714\ufe0fMaterial: Fantas\u00eda Fina de Acero Inoxidable.<\/p>\n<p>\u2714\ufe0fDise\u00f1o; Borlas.<\/p>\n<p>\u2714\ufe0fEstilo: Elegante.<\/p>\n<p>\ud83d\udcb5\u00a0En la compra de 2 o mas obt\u00e9n un descuento especial<\/p>\n<p>\ud83c\uddec\ud83c\uddf9\u00a0Env\u00edos a todo el pais.<\/p>\n<p>\ud83d\ude9a\u00a0Pagas al recibir.<\/p>\n","protected":false},"featured_media":2871,"comment_status":"open","ping_status":"closed","template":"","meta":{"_uag_custom_page_level_css":""},"product_cat":[54],"product_tag":[],"jetpack_sharing_enabled":true,"uagb_featured_image_src":{"full":["https:\/\/genios-gt.com\/wp-content\/uploads\/2024\/01\/jjtj.jpg",395,438,false],"thumbnail":["https:\/\/genios-gt.com\/wp-content\/uploads\/2024\/01\/jjtj-150x150.jpg",150,150,true],"medium":["https:\/\/genios-gt.com\/wp-content\/uploads\/2024\/01\/jjtj-271x300.jpg",271,300,true],"medium_large":["https:\/\/genios-gt.com\/wp-content\/uploads\/2024\/01\/jjtj.jpg",395,438,false],"large":["https:\/\/genios-gt.com\/wp-content\/uploads\/2024\/01\/jjtj.jpg",395,438,false],"1536x1536":["https:\/\/genios-gt.com\/wp-content\/uploads\/2024\/01\/jjtj.jpg",395,438,false],"2048x2048":["https:\/\/genios-gt.com\/wp-content\/uploads\/2024\/01\/jjtj.jpg",395,438,false],"mailpoet_newsletter_max":["https:\/\/genios-gt.com\/wp-content\/uploads\/2024\/01\/jjtj.jpg",395,438,false],"woocommerce_thumbnail":["https:\/\/genios-gt.com\/wp-content\/uploads\/2024\/01\/jjtj-320x355.jpg",320,355,true],"woocommerce_single":["https:\/\/genios-gt.com\/wp-content\/uploads\/2024\/01\/jjtj.jpg",395,438,false],"woocommerce_gallery_thumbnail":["https:\/\/genios-gt.com\/wp-content\/uploads\/2024\/01\/jjtj-100x100.jpg",100,100,true],"variation_swatches_image_size":["https:\/\/genios-gt.com\/wp-content\/uploads\/2024\/01\/jjtj-50x50.jpg",50,50,true],"variation_swatches_tooltip_size":["https:\/\/genios-gt.com\/wp-content\/uploads\/2024\/01\/jjtj-100x100.jpg",100,100,true],"thaps-thumb-img":["https:\/\/genios-gt.com\/wp-content\/uploads\/2024\/01\/jjtj-48x53.jpg",48,53,true]},"uagb_author_info":{"display_name":"Yemito","author_link":"https:\/\/genios-gt.com\/index.php\/author\/"},"uagb_comment_info":0,"uagb_excerpt":"\u2714\ufe0fMaterial: Fantas\u00eda Fina de Acero Inoxidable. \u2714\ufe0fDise\u00f1o; Borlas. \u2714\ufe0fEstilo: Elegante. \ud83d\udcb5\u00a0En la compra de 2 o mas obt\u00e9n un descuento especial \ud83c\uddec\ud83c\uddf9\u00a0Env\u00edos a todo el pais. \ud83d\ude9a\u00a0Pagas al recibir.","_links":{"self":[{"href":"https:\/\/genios-gt.com\/index.php\/wp-json\/wp\/v2\/product\/2619"}],"collection":[{"href":"https:\/\/genios-gt.com\/index.php\/wp-json\/wp\/v2\/product"}],"about":[{"href":"https:\/\/genios-gt.com\/index.php\/wp-json\/wp\/v2\/types\/product"}],"replies":[{"embeddable":true,"href":"https:\/\/genios-gt.com\/index.php\/wp-json\/wp\/v2\/comments?post=2619"}],"wp:featuredmedia":[{"embeddable":true,"href":"https:\/\/genios-gt.com\/index.php\/wp-json\/wp\/v2\/media\/2871"}],"wp:attachment":[{"href":"https:\/\/genios-gt.com\/index.php\/wp-json\/wp\/v2\/media?parent=2619"}],"wp:term":[{"taxonomy":"product_cat","embeddable":true,"href":"https:\/\/genios-gt.com\/index.php\/wp-json\/wp\/v2\/product_cat?post=2619"},{"taxonomy":"product_tag","embeddable":true,"href":"https:\/\/genios-gt.com\/index.php\/wp-json\/wp\/v2\/product_tag?post=2619"}],"curies":[{"name":"wp","href":"https:\/\/api.w.org\/{rel}","templated":true}]}}