{"id":2580,"date":"2024-01-13T19:06:54","date_gmt":"2024-01-14T01:06:54","guid":{"rendered":"https:\/\/genios-gt.com\/?post_type=product&#038;p=2580"},"modified":"2024-10-02T02:13:43","modified_gmt":"2024-10-02T08:13:43","slug":"anillo-de-serpiente","status":"publish","type":"product","link":"https:\/\/genios-gt.com\/index.php\/producto\/anillo-de-serpiente\/","title":{"rendered":"ANILLO DE SERPIENTE"},"content":{"rendered":"<p title=\"Nuevas llegadas tama\u00f1o libre moda lujo imitaci\u00f3n piedras preciosas anillos hombres hombre joyer\u00eda anillo joyer\u00eda\">Anillo de moda, tama\u00f1o libre, fantas\u00eda fina con\u00a0 piedras preciosas incrustadas, anillos de hombres joyer\u00eda.<\/p>\n<p title=\"Nuevas llegadas tama\u00f1o libre moda lujo imitaci\u00f3n piedras preciosas anillos hombres hombre joyer\u00eda anillo joyer\u00eda\">Deseas conocer la talla de tu anillo ve el siguiente video\u2026<\/p>\n<p title=\"Nuevas llegadas tama\u00f1o libre moda lujo imitaci\u00f3n piedras preciosas anillos hombres hombre joyer\u00eda anillo joyer\u00eda\"><a href=\"https:\/\/www.youtube.com\/results?search_query=como+saber+mi+talla+de+anillo\">https:\/\/www.youtube.com\/results?search_query=como+saber+mi+talla+de+anillo<\/a><\/p>\n","protected":false},"excerpt":{"rendered":"<p>\u2714\ufe0fMaterial: Aleaci\u00f3n.<\/p>\n<p>\u2714\ufe0fDise\u00f1o: Diamantado, Labrado .<\/p>\n<p>\u2714\ufe0fEstilo: G\u00f3tico.<\/p>\n<p>\ud83d\udcb5\u00a0En la compra de 2 o mas Envi\u00f3 Gratis.<\/p>\n<p>\ud83c\uddec\ud83c\uddf9\u00a0Env\u00edos a todo el pais.<\/p>\n<p>\ud83d\ude9a\u00a0Pagas al recibir<\/p>\n","protected":false},"featured_media":2586,"comment_status":"open","ping_status":"closed","template":"","meta":{"_uag_custom_page_level_css":""},"product_cat":[21],"product_tag":[],"jetpack_sharing_enabled":true,"uagb_featured_image_src":{"full":["https:\/\/genios-gt.com\/wp-content\/uploads\/2024\/01\/WhatsApp-Image-2024-01-08-at-9.12.40-AM-1.jpeg",640,640,false],"thumbnail":["https:\/\/genios-gt.com\/wp-content\/uploads\/2024\/01\/WhatsApp-Image-2024-01-08-at-9.12.40-AM-1-150x150.jpeg",150,150,true],"medium":["https:\/\/genios-gt.com\/wp-content\/uploads\/2024\/01\/WhatsApp-Image-2024-01-08-at-9.12.40-AM-1-300x300.jpeg",300,300,true],"medium_large":["https:\/\/genios-gt.com\/wp-content\/uploads\/2024\/01\/WhatsApp-Image-2024-01-08-at-9.12.40-AM-1.jpeg",640,640,false],"large":["https:\/\/genios-gt.com\/wp-content\/uploads\/2024\/01\/WhatsApp-Image-2024-01-08-at-9.12.40-AM-1.jpeg",640,640,false],"1536x1536":["https:\/\/genios-gt.com\/wp-content\/uploads\/2024\/01\/WhatsApp-Image-2024-01-08-at-9.12.40-AM-1.jpeg",640,640,false],"2048x2048":["https:\/\/genios-gt.com\/wp-content\/uploads\/2024\/01\/WhatsApp-Image-2024-01-08-at-9.12.40-AM-1.jpeg",640,640,false],"mailpoet_newsletter_max":["https:\/\/genios-gt.com\/wp-content\/uploads\/2024\/01\/WhatsApp-Image-2024-01-08-at-9.12.40-AM-1.jpeg",640,640,false],"woocommerce_thumbnail":["https:\/\/genios-gt.com\/wp-content\/uploads\/2024\/01\/WhatsApp-Image-2024-01-08-at-9.12.40-AM-1-320x320.jpeg",320,320,true],"woocommerce_single":["https:\/\/genios-gt.com\/wp-content\/uploads\/2024\/01\/WhatsApp-Image-2024-01-08-at-9.12.40-AM-1-600x600.jpeg",600,600,true],"woocommerce_gallery_thumbnail":["https:\/\/genios-gt.com\/wp-content\/uploads\/2024\/01\/WhatsApp-Image-2024-01-08-at-9.12.40-AM-1-100x100.jpeg",100,100,true],"variation_swatches_image_size":["https:\/\/genios-gt.com\/wp-content\/uploads\/2024\/01\/WhatsApp-Image-2024-01-08-at-9.12.40-AM-1-50x50.jpeg",50,50,true],"variation_swatches_tooltip_size":["https:\/\/genios-gt.com\/wp-content\/uploads\/2024\/01\/WhatsApp-Image-2024-01-08-at-9.12.40-AM-1-100x100.jpeg",100,100,true],"thaps-thumb-img":["https:\/\/genios-gt.com\/wp-content\/uploads\/2024\/01\/WhatsApp-Image-2024-01-08-at-9.12.40-AM-1.jpeg",48,48,false]},"uagb_author_info":{"display_name":"Yemito","author_link":"https:\/\/genios-gt.com\/index.php\/author\/"},"uagb_comment_info":0,"uagb_excerpt":"\u2714\ufe0fMaterial: Aleaci\u00f3n. \u2714\ufe0fDise\u00f1o: Diamantado, Labrado . \u2714\ufe0fEstilo: G\u00f3tico. \ud83d\udcb5\u00a0En la compra de 2 o mas Envi\u00f3 Gratis. \ud83c\uddec\ud83c\uddf9\u00a0Env\u00edos a todo el pais. \ud83d\ude9a\u00a0Pagas al recibir","_links":{"self":[{"href":"https:\/\/genios-gt.com\/index.php\/wp-json\/wp\/v2\/product\/2580"}],"collection":[{"href":"https:\/\/genios-gt.com\/index.php\/wp-json\/wp\/v2\/product"}],"about":[{"href":"https:\/\/genios-gt.com\/index.php\/wp-json\/wp\/v2\/types\/product"}],"replies":[{"embeddable":true,"href":"https:\/\/genios-gt.com\/index.php\/wp-json\/wp\/v2\/comments?post=2580"}],"wp:featuredmedia":[{"embeddable":true,"href":"https:\/\/genios-gt.com\/index.php\/wp-json\/wp\/v2\/media\/2586"}],"wp:attachment":[{"href":"https:\/\/genios-gt.com\/index.php\/wp-json\/wp\/v2\/media?parent=2580"}],"wp:term":[{"taxonomy":"product_cat","embeddable":true,"href":"https:\/\/genios-gt.com\/index.php\/wp-json\/wp\/v2\/product_cat?post=2580"},{"taxonomy":"product_tag","embeddable":true,"href":"https:\/\/genios-gt.com\/index.php\/wp-json\/wp\/v2\/product_tag?post=2580"}],"curies":[{"name":"wp","href":"https:\/\/api.w.org\/{rel}","templated":true}]}}