{"id":2558,"date":"2024-01-12T17:45:55","date_gmt":"2024-01-12T23:45:55","guid":{"rendered":"https:\/\/genios-gt.com\/?post_type=product&#038;p=2558"},"modified":"2024-12-18T13:49:18","modified_gmt":"2024-12-18T19:49:18","slug":"relojv68","status":"publish","type":"product","link":"https:\/\/genios-gt.com\/index.php\/producto\/relojv68\/","title":{"rendered":"RELOJ INTELIGENTE COLMI V68 -GRADO MILITAR"},"content":{"rendered":"<div class=\"J_module\">\n<div class=\"detail-decorate-json-renderer-container\">\n<div class=\"magic-0\">\n<p><iframe loading=\"lazy\" title=\"RELOJ INTELIGENTE GRADO MILITAR V68\" width=\"640\" height=\"480\" src=\"https:\/\/www.youtube.com\/embed\/5snV1bgCPdc?feature=oembed\" frameborder=\"0\" allow=\"accelerometer; autoplay; clipboard-write; encrypted-media; gyroscope; picture-in-picture; web-share\" referrerpolicy=\"strict-origin-when-cross-origin\" allowfullscreen><\/iframe><\/p>\n<h3 class=\"magic-1\"><span class=\"magic-2\" data-spm-anchor-id=\"a2700.details.0.i109.18343ecfmoL82c\">COLMi V68-Reloj inteligente de grado militar (UNISEX)<\/span><\/h3>\n<div class=\"magic-4\">\n<div class=\"magic-5\">\n<div class=\"magic-6\">\n<p><span class=\"magic-7\"><b>Impulsado por tecnolog\u00eda avanzada: <\/b>Equipado con el chip Realtek 5th l\u00edder en la industria, el COLMi V68 puede reducir el consumo de energ\u00eda en un 22% y aumentar el rendimiento en un 25%. Adem\u00e1s, incorpora la \u00faltima tecnolog\u00eda de sensor de ox\u00edgeno en sangre, utilizando luz roja para mediciones m\u00e1s precisas. Esto garantiza una experiencia de reloj inteligente fluida, eficiente y fiable como ninguna otra.<\/span><\/p>\n<p><b>Pantalla ultra AMOLED: <\/b>Experimente la pantalla AMOLED de 1,43 pulgadas con resoluci\u00f3n de 466*466 en un reloj inteligente, con un contraste de pantalla de 10.000, y realmente restaure varios colores. La pantalla del V68 no solo es m\u00e1s grande, sino tambi\u00e9n m\u00e1s clara, lo que garantiza que cada detalle sea n\u00edtido y f\u00e1cil de leer. Tambi\u00e9n cuenta con una pantalla siempre encendida (AOD), puede verificar r\u00e1pida y f\u00e1cilmente la hora sin activar el reloj.<\/p>\n<p><b>Personalizaci\u00f3n sin igual: <\/b>Personalice su COLMI V68 eligiendo una esfera de reloj del mercado de la esfera de reloj de la APP. Y admite m\u00e1s de 100 modos deportivos y br\u00fajula. Ya sea que est\u00e9 buscando impresionar con su atuendo diario o deportes al aire libre, este reloj inteligente lo tiene todo.<\/p>\n<p><b>Bater\u00eda de larga duraci\u00f3n: <\/b>Con hasta 10 d\u00edas de duraci\u00f3n de la bater\u00eda con una sola carga, el COLMI V68 garantiza que nunca te pillen con la guardia baja.<\/p>\n<\/div>\n<div class=\"magic-6\"><span class=\"magic-7\">Mant\u00e9ngase conectado, realice un seguimiento de su estado f\u00edsico y disfrute de sus funciones favoritas sin la molestia de recargar constantemente.<\/span><\/div>\n<\/div>\n<\/div>\n<\/div>\n<\/div>\n<\/div>\n<div class=\"J_module\">\n<div id=\"ali-anchor-AliMagic-9cq6fd\" class=\"magic-8\" data-section=\"AliMagic-9cq6fd\" data-section-title=\"Product Paramenters\">Par\u00e1metros del producto<\/div>\n<\/div>\n<div class=\"J_module\">\n<div class=\"ife-detail-decorate-table\">\n<table class=\"is-zebra hight-light-first-column all magic-9\">\n<tbody>\n<tr>\n<td colspan=\"1\" rowspan=\"1\">\n<div class=\"magic-10\"><span data-spm-anchor-id=\"0.0.0.i0.3c5a4f05xa49dt\"><span class=\"magic-11\" style=\"font-family: Arial;\">Nombre del producto<\/span><\/span><\/div>\n<\/td>\n<td colspan=\"1\" rowspan=\"1\">\n<div class=\"magic-12\">V68<\/div>\n<\/td>\n<\/tr>\n<tr>\n<td colspan=\"1\" rowspan=\"1\">\n<div class=\"magic-10\"><span data-spm-anchor-id=\"a2700.siteadmin.0.i93.1a173333wEs7tl\"><span class=\"magic-11\" style=\"font-family: Arial;\">Chip principal<\/span><\/span><\/div>\n<\/td>\n<td colspan=\"1\" rowspan=\"1\">\n<div class=\"magic-12\">RTL8763EWE-VP<\/div>\n<\/td>\n<\/tr>\n<tr>\n<td colspan=\"1\" rowspan=\"1\">\n<div class=\"magic-10\"><span class=\"magic-11\" style=\"font-family: Arial;\">BT<\/span><\/div>\n<\/td>\n<td colspan=\"1\" rowspan=\"1\">\n<div class=\"magic-12\">5,2<\/div>\n<\/td>\n<\/tr>\n<tr>\n<td colspan=\"1\" rowspan=\"1\">\n<div class=\"magic-10\">FLASH<\/div>\n<\/td>\n<td colspan=\"1\" rowspan=\"1\">\n<div class=\"magic-12\">RAM 578KB ROM 128Mb<\/div>\n<\/td>\n<\/tr>\n<tr>\n<td colspan=\"1\" rowspan=\"1\">\n<div class=\"magic-10\"><span class=\"magic-11\" style=\"font-family: Arial;\">Pantalla t\u00e1ctil<\/span><\/div>\n<\/td>\n<td colspan=\"1\" rowspan=\"1\">\n<div class=\"magic-12\">AMOLED 1,43 pulgadas<\/div>\n<\/td>\n<\/tr>\n<tr>\n<td colspan=\"1\" rowspan=\"1\">\n<div class=\"magic-10\"><span class=\"magic-11\" style=\"font-family: Arial;\">Bater\u00eda<\/span><\/div>\n<\/td>\n<td colspan=\"1\" rowspan=\"1\">\n<div class=\"magic-12\">440mAh<\/div>\n<\/td>\n<\/tr>\n<tr>\n<td colspan=\"1\" rowspan=\"1\">\n<div class=\"magic-10\"><span class=\"magic-11\" style=\"font-family: Arial;\">En espera<\/span><\/div>\n<\/td>\n<td colspan=\"1\" rowspan=\"1\">\n<div class=\"magic-12\"><span class=\"magic-7\">5 ~ 7 d\u00edas<\/span><\/div>\n<\/td>\n<\/tr>\n<tr>\n<td colspan=\"1\" rowspan=\"1\">\n<div class=\"magic-10\"><span data-spm-anchor-id=\"a2700.pc-decorate.0.i117.28f53333s28gQd\"><span class=\"magic-11\" style=\"font-family: Arial;\">Impermeable<\/span><\/span><\/div>\n<\/td>\n<td colspan=\"1\" rowspan=\"1\">\n<div class=\"magic-12\"><span class=\"magic-7\">IP67<\/span><\/div>\n<\/td>\n<\/tr>\n<tr>\n<td colspan=\"1\" rowspan=\"1\">\n<div class=\"magic-10\"><span class=\"magic-3\">APP<\/span><\/div>\n<\/td>\n<td colspan=\"1\" rowspan=\"1\">\n<div class=\"magic-12\">FitCloudPro<\/div>\n<\/td>\n<\/tr>\n<tr>\n<td colspan=\"1\" rowspan=\"1\">\n<div class=\"magic-10\"><span class=\"magic-11\">Idiomas del reloj inteligente<\/span><\/div>\n<\/td>\n<td colspan=\"1\" rowspan=\"1\">\n<div class=\"magic-13\">espa\u00f1ol<\/div>\n<\/td>\n<\/tr>\n<\/tbody>\n<\/table>\n<\/div>\n<\/div>\n<p>\u00a0<\/p>\n<div class=\"J_module\">\n<div id=\"tl_22\" class=\"magic-8\" data-section=\"AliMagic-axw2kr\" data-section-title=\"Products Description\" data-spm-anchor-id=\"a2700.details.0.i58.1fee114441IGig\">Descripci\u00f3n de productos<\/div>\n<\/div>\n<div class=\"J_module\">\n<div class=\"icbu-pc-detailManyImage magic-14\">\n<div class=\"magic-15\"><img decoding=\"async\" class=\"magic-16\" src=\"https:\/\/sc04.alicdn.com\/kf\/H7b55cd922af944339bf892bd5bddd91aO\/201988473\/H7b55cd922af944339bf892bd5bddd91aO.jpg\" data-src=\"\/\/sc04.alicdn.com\/kf\/H7b55cd922af944339bf892bd5bddd91aO\/201988473\/H7b55cd922af944339bf892bd5bddd91aO.jpg\" data-spm-anchor-id=\"a2700.details.0.i56.1fee114441IGig\" \/><\/div>\n<div class=\"magic-15\"><img decoding=\"async\" class=\"magic-16\" src=\"https:\/\/sc04.alicdn.com\/kf\/Hdc11a00202a346ed82798732da458a1bb\/201988473\/Hdc11a00202a346ed82798732da458a1bb.jpg\" data-src=\"\/\/sc04.alicdn.com\/kf\/Hdc11a00202a346ed82798732da458a1bb\/201988473\/Hdc11a00202a346ed82798732da458a1bb.jpg\" \/><\/div>\n<div class=\"magic-15\"><img decoding=\"async\" class=\"magic-16\" src=\"https:\/\/sc04.alicdn.com\/kf\/Hc8447a7a3c564aaebae91bdcce7e77a9G\/201988473\/Hc8447a7a3c564aaebae91bdcce7e77a9G.jpg\" data-src=\"\/\/sc04.alicdn.com\/kf\/Hc8447a7a3c564aaebae91bdcce7e77a9G\/201988473\/Hc8447a7a3c564aaebae91bdcce7e77a9G.jpg\" \/><\/div>\n<div class=\"magic-15\"><img decoding=\"async\" class=\"magic-16\" src=\"https:\/\/sc04.alicdn.com\/kf\/H385f749f3ba74caba7f66dfdaf9e27481\/201988473\/H385f749f3ba74caba7f66dfdaf9e27481.jpg\" data-src=\"\/\/sc04.alicdn.com\/kf\/H385f749f3ba74caba7f66dfdaf9e27481\/201988473\/H385f749f3ba74caba7f66dfdaf9e27481.jpg\" \/><\/div>\n<div class=\"magic-15\"><img decoding=\"async\" class=\"magic-16\" src=\"https:\/\/sc04.alicdn.com\/kf\/H0506701612764cf084d5875b7c1c3e88a\/201988473\/H0506701612764cf084d5875b7c1c3e88a.jpg\" data-src=\"\/\/sc04.alicdn.com\/kf\/H0506701612764cf084d5875b7c1c3e88a\/201988473\/H0506701612764cf084d5875b7c1c3e88a.jpg\" \/><\/div>\n<div class=\"magic-15\"><img decoding=\"async\" class=\"magic-16\" src=\"https:\/\/sc04.alicdn.com\/kf\/H575b5bc294154463a269433ea43ec9d5P\/201988473\/H575b5bc294154463a269433ea43ec9d5P.jpg\" data-src=\"\/\/sc04.alicdn.com\/kf\/H575b5bc294154463a269433ea43ec9d5P\/201988473\/H575b5bc294154463a269433ea43ec9d5P.jpg\" \/><\/div>\n<div class=\"magic-15\"><img decoding=\"async\" class=\"magic-16\" src=\"https:\/\/sc04.alicdn.com\/kf\/Hb85ba3d29759482b890c8914dec4a49aC\/201988473\/Hb85ba3d29759482b890c8914dec4a49aC.jpg\" data-src=\"\/\/sc04.alicdn.com\/kf\/Hb85ba3d29759482b890c8914dec4a49aC\/201988473\/Hb85ba3d29759482b890c8914dec4a49aC.jpg\" \/><\/div>\n<div class=\"magic-15\"><img decoding=\"async\" class=\"magic-16\" src=\"https:\/\/sc04.alicdn.com\/kf\/H26d30aa5d0764285a02a43469defc644y\/201988473\/H26d30aa5d0764285a02a43469defc644y.jpg\" data-src=\"\/\/sc04.alicdn.com\/kf\/H26d30aa5d0764285a02a43469defc644y\/201988473\/H26d30aa5d0764285a02a43469defc644y.jpg\" data-spm-anchor-id=\"a2700.details.0.i57.1fee114441IGig\" \/><\/div>\n<\/div>\n<\/div>\n","protected":false},"excerpt":{"rendered":"<p><span class=\"x3nfvp2 x1j61x8r x1fcty0u xdj266r xhhsvwb xat24cr xgzva0m xxymvpz xlup9mm x1kky2od\"><img loading=\"lazy\" decoding=\"async\" src=\"https:\/\/static.xx.fbcdn.net\/images\/emoji.php\/v9\/t51\/1\/16\/2714.png\" alt=\"\u2714\ufe0f\" width=\"16\" height=\"16\" \/><\/span>Precio unidad: Q495<br \/>\n<span class=\"x3nfvp2 x1j61x8r x1fcty0u xdj266r xhhsvwb xat24cr xgzva0m xxymvpz xlup9mm x1kky2od\"><img loading=\"lazy\" decoding=\"async\" src=\"https:\/\/static.xx.fbcdn.net\/images\/emoji.php\/v9\/t51\/1\/16\/2714.png\" alt=\"\u2714\ufe0f\" width=\"16\" height=\"16\" \/><\/span>A partir de 3 o m\u00e1s: Q445<\/p>\n<p>\ud83c\uddec\ud83c\uddf9\u00a0Enviamos a toda Guatemala!<br \/>\n\ud83d\udce6\u00a0Pagas al recibir!\u00a0\ud83d\udcb6<\/p>\n","protected":false},"featured_media":2559,"comment_status":"open","ping_status":"closed","template":"","meta":{"_uag_custom_page_level_css":""},"product_cat":[106],"product_tag":[],"jetpack_sharing_enabled":true,"uagb_featured_image_src":{"full":["https:\/\/genios-gt.com\/wp-content\/uploads\/2024\/01\/SDFS.jpg",720,720,false],"thumbnail":["https:\/\/genios-gt.com\/wp-content\/uploads\/2024\/01\/SDFS-150x150.jpg",150,150,true],"medium":["https:\/\/genios-gt.com\/wp-content\/uploads\/2024\/01\/SDFS-300x300.jpg",300,300,true],"medium_large":["https:\/\/genios-gt.com\/wp-content\/uploads\/2024\/01\/SDFS.jpg",640,640,false],"large":["https:\/\/genios-gt.com\/wp-content\/uploads\/2024\/01\/SDFS.jpg",640,640,false],"1536x1536":["https:\/\/genios-gt.com\/wp-content\/uploads\/2024\/01\/SDFS.jpg",720,720,false],"2048x2048":["https:\/\/genios-gt.com\/wp-content\/uploads\/2024\/01\/SDFS.jpg",720,720,false],"mailpoet_newsletter_max":["https:\/\/genios-gt.com\/wp-content\/uploads\/2024\/01\/SDFS.jpg",720,720,false],"woocommerce_thumbnail":["https:\/\/genios-gt.com\/wp-content\/uploads\/2024\/01\/SDFS-320x320.jpg",320,320,true],"woocommerce_single":["https:\/\/genios-gt.com\/wp-content\/uploads\/2024\/01\/SDFS-600x600.jpg",600,600,true],"woocommerce_gallery_thumbnail":["https:\/\/genios-gt.com\/wp-content\/uploads\/2024\/01\/SDFS-100x100.jpg",100,100,true],"variation_swatches_image_size":["https:\/\/genios-gt.com\/wp-content\/uploads\/2024\/01\/SDFS-50x50.jpg",50,50,true],"variation_swatches_tooltip_size":["https:\/\/genios-gt.com\/wp-content\/uploads\/2024\/01\/SDFS-100x100.jpg",100,100,true],"thaps-thumb-img":["https:\/\/genios-gt.com\/wp-content\/uploads\/2024\/01\/SDFS.jpg",48,48,false]},"uagb_author_info":{"display_name":"Rodanim","author_link":"https:\/\/genios-gt.com\/index.php\/author\/"},"uagb_comment_info":0,"uagb_excerpt":"Precio unidad: Q495 A partir de 3 o m\u00e1s: Q445 \ud83c\uddec\ud83c\uddf9\u00a0Enviamos a toda Guatemala! \ud83d\udce6\u00a0Pagas al recibir!\u00a0\ud83d\udcb6","_links":{"self":[{"href":"https:\/\/genios-gt.com\/index.php\/wp-json\/wp\/v2\/product\/2558"}],"collection":[{"href":"https:\/\/genios-gt.com\/index.php\/wp-json\/wp\/v2\/product"}],"about":[{"href":"https:\/\/genios-gt.com\/index.php\/wp-json\/wp\/v2\/types\/product"}],"replies":[{"embeddable":true,"href":"https:\/\/genios-gt.com\/index.php\/wp-json\/wp\/v2\/comments?post=2558"}],"wp:featuredmedia":[{"embeddable":true,"href":"https:\/\/genios-gt.com\/index.php\/wp-json\/wp\/v2\/media\/2559"}],"wp:attachment":[{"href":"https:\/\/genios-gt.com\/index.php\/wp-json\/wp\/v2\/media?parent=2558"}],"wp:term":[{"taxonomy":"product_cat","embeddable":true,"href":"https:\/\/genios-gt.com\/index.php\/wp-json\/wp\/v2\/product_cat?post=2558"},{"taxonomy":"product_tag","embeddable":true,"href":"https:\/\/genios-gt.com\/index.php\/wp-json\/wp\/v2\/product_tag?post=2558"}],"curies":[{"name":"wp","href":"https:\/\/api.w.org\/{rel}","templated":true}]}}