{"id":2545,"date":"2024-01-12T17:17:30","date_gmt":"2024-01-12T23:17:30","guid":{"rendered":"https:\/\/genios-gt.com\/?post_type=product&#038;p=2545"},"modified":"2025-02-13T13:53:35","modified_gmt":"2025-02-13T19:53:35","slug":"reloj-inteligente-colmi-v69","status":"publish","type":"product","link":"https:\/\/genios-gt.com\/index.php\/producto\/reloj-inteligente-colmi-v69\/","title":{"rendered":"RELOJ INTELIGENTE COLMI V69, GRADO MILITAR"},"content":{"rendered":"<p><a href=\"https:\/\/www.google.com\/search?q=reloj+colmi+v69&oq=reloj+colmi+v69&gs_lcrp=EgZjaHJvbWUyBggAEEUYOTIGCAEQRRg9MgYIAhBFGDwyBggDEC4YQNIBCDY0NDdqMGoxqAIAsAIA&sourceid=chrome&ie=UTF-8#fpstate=ive&vld=cid:ba2d0bf5,vid:U-tfrco1FwQ,st:0\">https:\/\/www.google.com\/search?q=reloj+colmi+v69&oq=reloj+colmi+v69&gs_lcrp=EgZjaHJvbWUyBggAEEUYOTIGCAEQRRg9MgYIAhBFGDwyBggDEC4YQNIBCDY0NDdqMGoxqAIAsAIA&sourceid=chrome&ie=UTF-8#fpstate=ive&vld=cid:ba2d0bf5,vid:U-tfrco1FwQ,st:0<\/a><\/p>\n<h3 class=\"magic-1\"><span class=\"magic-2\">COLMI V69-Reloj inteligente con pantalla s\u00faper grande<\/span><\/h3>\n<div class=\"magic-4\">\n<div class=\"magic-5\">\n<div class=\"magic-6\">\n<p><span class=\"magic-7\"><b><\/b><span id=\"tl_1\">El reloj inteligente COLMI V69 est\u00e1 dise\u00f1ado para personas fuertes, el di\u00e1metro del reloj es de 52mm, utilizando materiales de aleaci\u00f3n de zinc de grado militar de alta calidad.<\/span><\/span><\/p>\n<p>** Desarrollado por tecnolog\u00eda avanzada **: Equipado con el chip Realtek 5th l\u00edder en la industria, COLMI V69 puede reducir el consumo de energ\u00eda en un 22% y aumentar el rendimiento en un 25%.<\/p>\n<\/div>\n<div><\/div>\n<div class=\"magic-6\">\n<p><span class=\"magic-7\"><span id=\"tl_1\">Adem\u00e1s, El V69 incorpora la \u00faltima tecnolog\u00eda de sensor de ox\u00edgeno en sangre, que utiliza luz roja para mediciones m\u00e1s precisas. Esto garantiza una experiencia de reloj inteligente fluida, eficiente y fiable como ninguna otra.<\/span><\/span><\/p>\n<p>** Personalizaci\u00f3n sin igual **<\/p>\n<p>COLMI V69 proporciona m\u00e1s de 400 diales para que elijas, y siempre hay varios diales para satisfacerte.<\/p>\n<p>** Bater\u00eda de larga duraci\u00f3n **:\u00a0 tiene una Bater\u00eda grande incorporada de 710 mAh con una duraci\u00f3n de bater\u00eda de hasta 10 d\u00edas con una sola carga, asegurando que nunca te pille con la guardia baja.<\/p>\n<\/div>\n<div class=\"attribute-item\">\n<div data-spm-anchor-id=\"a2700.details.0.i103.5c047e5bDFFIZk\">\u2014\u2014\u2014\u2014\u2014\u2014\u2014\u2014\u2014\u2014\u2014\u2013<\/div>\n<div class=\"left\" data-spm-anchor-id=\"a2700.details.0.i103.5c047e5bDFFIZk\">Tipo de visualizaci\u00f3n<\/div>\n<div class=\"right\">IPS<\/div>\n<div>\u2014<\/div>\n<\/div>\n<div class=\"attribute-item\">\n<div class=\"left\">Resoluci\u00f3n de la pantalla<\/div>\n<div class=\"right\">360\u00d7360<\/div>\n<div>\u2014-<\/div>\n<\/div>\n<div class=\"attribute-item\">\n<div class=\"left\">Caracter\u00edstica<\/div>\n<div class=\"right\">Pantalla t\u00e1ctil, Control de APP<\/div>\n<div>\u2014<\/div>\n<\/div>\n<div class=\"attribute-item\">\n<div class=\"left\" data-spm-anchor-id=\"a2700.details.0.i102.5c047e5bDFFIZk\">Funci\u00f3n<\/div>\n<div class=\"right\">Cron\u00f3grafo, Reloj despertador, Control remoto, Cuenta atr\u00e1s, Rastreador de sue\u00f1o, seguimiento de forma, Pod\u00f3metro, Recordatorio de llamada, Respuesta telef\u00f3nica, Mensaje emergente, Recordatorio de mensajes, Marcar llamada, Monitor de ritmo card\u00edaco, Sangre monitor de ox\u00edgeno<\/div>\n<\/div>\n<\/div>\n<\/div>\n","protected":false},"excerpt":{"rendered":"<p><span class=\"x3nfvp2 x1j61x8r x1fcty0u xdj266r xhhsvwb xat24cr xgzva0m xxymvpz xlup9mm x1kky2od\"><img loading=\"lazy\" decoding=\"async\" src=\"https:\/\/static.xx.fbcdn.net\/images\/emoji.php\/v9\/t51\/1\/16\/2714.png\" alt=\"\u2714\ufe0f\" width=\"16\" height=\"16\" \/><\/span>Precio unidad: Q475<\/p>\n<p><span class=\"x3nfvp2 x1j61x8r x1fcty0u xdj266r xhhsvwb xat24cr xgzva0m xxymvpz xlup9mm x1kky2od\"><img loading=\"lazy\" decoding=\"async\" src=\"https:\/\/static.xx.fbcdn.net\/images\/emoji.php\/v9\/t51\/1\/16\/2714.png\" alt=\"\u2714\ufe0f\" width=\"16\" height=\"16\" \/><\/span>A partir de 3 o m\u00e1s: Q435<\/p>\n<p>\ud83c\uddec\ud83c\uddf9\u00a0Enviamos a toda Guatemala!<br \/>\n\ud83d\udce6\u00a0Pagas al recibir!\u00a0\ud83d\udcb6<\/p>\n","protected":false},"featured_media":2546,"comment_status":"open","ping_status":"closed","template":"","meta":{"_uag_custom_page_level_css":""},"product_cat":[106],"product_tag":[],"jetpack_sharing_enabled":true,"uagb_featured_image_src":{"full":["https:\/\/genios-gt.com\/wp-content\/uploads\/2024\/01\/sdf.jpg",720,720,false],"thumbnail":["https:\/\/genios-gt.com\/wp-content\/uploads\/2024\/01\/sdf-150x150.jpg",150,150,true],"medium":["https:\/\/genios-gt.com\/wp-content\/uploads\/2024\/01\/sdf-300x300.jpg",300,300,true],"medium_large":["https:\/\/genios-gt.com\/wp-content\/uploads\/2024\/01\/sdf.jpg",640,640,false],"large":["https:\/\/genios-gt.com\/wp-content\/uploads\/2024\/01\/sdf.jpg",640,640,false],"1536x1536":["https:\/\/genios-gt.com\/wp-content\/uploads\/2024\/01\/sdf.jpg",720,720,false],"2048x2048":["https:\/\/genios-gt.com\/wp-content\/uploads\/2024\/01\/sdf.jpg",720,720,false],"mailpoet_newsletter_max":["https:\/\/genios-gt.com\/wp-content\/uploads\/2024\/01\/sdf.jpg",720,720,false],"woocommerce_thumbnail":["https:\/\/genios-gt.com\/wp-content\/uploads\/2024\/01\/sdf-320x320.jpg",320,320,true],"woocommerce_single":["https:\/\/genios-gt.com\/wp-content\/uploads\/2024\/01\/sdf-600x600.jpg",600,600,true],"woocommerce_gallery_thumbnail":["https:\/\/genios-gt.com\/wp-content\/uploads\/2024\/01\/sdf-100x100.jpg",100,100,true],"variation_swatches_image_size":["https:\/\/genios-gt.com\/wp-content\/uploads\/2024\/01\/sdf-50x50.jpg",50,50,true],"variation_swatches_tooltip_size":["https:\/\/genios-gt.com\/wp-content\/uploads\/2024\/01\/sdf-100x100.jpg",100,100,true],"thaps-thumb-img":["https:\/\/genios-gt.com\/wp-content\/uploads\/2024\/01\/sdf.jpg",48,48,false]},"uagb_author_info":{"display_name":"Rodanim","author_link":"https:\/\/genios-gt.com\/index.php\/author\/"},"uagb_comment_info":0,"uagb_excerpt":"Precio unidad: Q475 A partir de 3 o m\u00e1s: Q435 \ud83c\uddec\ud83c\uddf9\u00a0Enviamos a toda Guatemala! \ud83d\udce6\u00a0Pagas al recibir!\u00a0\ud83d\udcb6","_links":{"self":[{"href":"https:\/\/genios-gt.com\/index.php\/wp-json\/wp\/v2\/product\/2545"}],"collection":[{"href":"https:\/\/genios-gt.com\/index.php\/wp-json\/wp\/v2\/product"}],"about":[{"href":"https:\/\/genios-gt.com\/index.php\/wp-json\/wp\/v2\/types\/product"}],"replies":[{"embeddable":true,"href":"https:\/\/genios-gt.com\/index.php\/wp-json\/wp\/v2\/comments?post=2545"}],"wp:featuredmedia":[{"embeddable":true,"href":"https:\/\/genios-gt.com\/index.php\/wp-json\/wp\/v2\/media\/2546"}],"wp:attachment":[{"href":"https:\/\/genios-gt.com\/index.php\/wp-json\/wp\/v2\/media?parent=2545"}],"wp:term":[{"taxonomy":"product_cat","embeddable":true,"href":"https:\/\/genios-gt.com\/index.php\/wp-json\/wp\/v2\/product_cat?post=2545"},{"taxonomy":"product_tag","embeddable":true,"href":"https:\/\/genios-gt.com\/index.php\/wp-json\/wp\/v2\/product_tag?post=2545"}],"curies":[{"name":"wp","href":"https:\/\/api.w.org\/{rel}","templated":true}]}}