{"id":2487,"date":"2024-01-05T17:31:35","date_gmt":"2024-01-05T23:31:35","guid":{"rendered":"https:\/\/genios-gt.com\/?page_id=2487"},"modified":"2024-01-05T17:39:38","modified_gmt":"2024-01-05T23:39:38","slug":"nosotros","status":"publish","type":"page","link":"https:\/\/genios-gt.com\/index.php\/nosotros\/","title":{"rendered":"Nosotros"},"content":{"rendered":"\n<p><strong>QUIENES SOMOS<\/strong><\/p>\n\n\n\n<p>Somos una empresa de variedades innovadora.<\/p>\n\n\n\n<p>Ofrecemos los servicios y productos  de la mejor calidad, innovadora, \u00a0siendo una soluci\u00f3n confiable y rentable, contando con el personal profesional m\u00e1s altamente calificado y las herramientas adecuadas para su satisfacci\u00f3n.<\/p>\n\n\n\n<p><strong>CONTACTO<\/strong><\/p>\n\n\n\n<p>Whatsapp: <a href=\"https:\/\/wa.me\/c\/50259600003\">59600003<\/a><\/p>\n\n\n\n<p>Facbook: GENIOS<\/p>\n\n\n\n<p><strong>NUESTRA DIRECCI\u00d3N<\/strong><\/p>\n\n\n\n<p>San Pablo San Marcos<\/p>\n","protected":false},"excerpt":{"rendered":"<p>QUIENES SOMOS Somos una empresa de variedades innovadora. Ofrecemos los servicios y productos de la mejor calidad, innovadora, \u00a0siendo una soluci\u00f3n confiable y rentable, contando con el personal profesional m\u00e1s altamente calificado y las herramientas adecuadas para su satisfacci\u00f3n. CONTACTO Whatsapp: 59600003 Facbook: GENIOS NUESTRA DIRECCI\u00d3N San Pablo San Marcos<\/p>\n","protected":false},"author":1,"featured_media":0,"parent":0,"menu_order":0,"comment_status":"closed","ping_status":"closed","template":"","meta":{"_uag_custom_page_level_css":"","footnotes":""},"jetpack_sharing_enabled":true,"uagb_featured_image_src":{"full":false,"thumbnail":false,"medium":false,"medium_large":false,"large":false,"1536x1536":false,"2048x2048":false,"mailpoet_newsletter_max":false,"woocommerce_thumbnail":false,"woocommerce_single":false,"woocommerce_gallery_thumbnail":false,"variation_swatches_image_size":false,"variation_swatches_tooltip_size":false,"thaps-thumb-img":false},"uagb_author_info":{"display_name":"Rodanim","author_link":"https:\/\/genios-gt.com\/index.php\/author\/rodanim\/"},"uagb_comment_info":0,"uagb_excerpt":"QUIENES SOMOS Somos una empresa de variedades innovadora. Ofrecemos los servicios y productos de la mejor calidad, innovadora, \u00a0siendo una soluci\u00f3n confiable y rentable, contando con el personal profesional m\u00e1s altamente calificado y las herramientas adecuadas para su satisfacci\u00f3n. CONTACTO Whatsapp: 59600003 Facbook: GENIOS NUESTRA DIRECCI\u00d3N San Pablo San Marcos","_links":{"self":[{"href":"https:\/\/genios-gt.com\/index.php\/wp-json\/wp\/v2\/pages\/2487"}],"collection":[{"href":"https:\/\/genios-gt.com\/index.php\/wp-json\/wp\/v2\/pages"}],"about":[{"href":"https:\/\/genios-gt.com\/index.php\/wp-json\/wp\/v2\/types\/page"}],"author":[{"embeddable":true,"href":"https:\/\/genios-gt.com\/index.php\/wp-json\/wp\/v2\/users\/1"}],"replies":[{"embeddable":true,"href":"https:\/\/genios-gt.com\/index.php\/wp-json\/wp\/v2\/comments?post=2487"}],"version-history":[{"count":2,"href":"https:\/\/genios-gt.com\/index.php\/wp-json\/wp\/v2\/pages\/2487\/revisions"}],"predecessor-version":[{"id":2496,"href":"https:\/\/genios-gt.com\/index.php\/wp-json\/wp\/v2\/pages\/2487\/revisions\/2496"}],"wp:attachment":[{"href":"https:\/\/genios-gt.com\/index.php\/wp-json\/wp\/v2\/media?parent=2487"}],"curies":[{"name":"wp","href":"https:\/\/api.w.org\/{rel}","templated":true}]}}